{"id":505,"date":"2022-02-26T00:03:24","date_gmt":"2022-02-26T00:03:24","guid":{"rendered":"https:\/\/tangopera.com\/?page_id=505"},"modified":"2022-02-26T00:08:52","modified_gmt":"2022-02-26T00:08:52","slug":"tango-technique-1","status":"publish","type":"page","link":"https:\/\/tangopera.com\/tr\/tango-technique-1\/","title":{"rendered":"Tango Tekni\u011fi 1"},"content":{"rendered":"<h1><span style=\"font-size: 100%;\">Tango Tekni\u011fi<\/span><\/h1>\n<h2 class=\"p1\"><span style=\"font-size: 75%;\">A\u00e7\u0131k ve Kapal\u0131 Kucaklama Tango Tekni\u011fi\u00a0<\/span><\/h2>\n<p class=\"p1\">Tango Nuevo ve Fantasia d\u0131\u015f\u0131ndaki t\u00fcm Tango stilleri kapal\u0131 bekletmede yap\u0131labilir. Hall ve Orillero tarz\u0131 Tango danslar\u0131 a\u00e7\u0131k salonda icra edilebilmesine ra\u011fmen, Buenos Aires ve Arjantin&#039;in di\u011fer b\u00f6lgelerinde tipik olarak kapal\u0131 sahada yap\u0131l\u0131r. Milonguero ve Club tarz\u0131 Tango danslar\u0131 sadece kapal\u0131 salonda yap\u0131l\u0131r. Milonguero tarz\u0131 Tango da tipik olarak kapal\u0131 bir tutu\u015fta yap\u0131l\u0131r ve kad\u0131n\u0131n sol omzu ile erke\u011fin sa\u011f omzu aras\u0131ndaki mesafe, kad\u0131n\u0131n sa\u011f omzu ile erke\u011fin sol omzu aras\u0131ndaki mesafe ile ayn\u0131d\u0131r. Tango Nuevo b\u00f6l\u00fcm\u00fcnde anlat\u0131lan fig\u00fcrlerden baz\u0131lar\u0131 Salon, Orillero ve Club tarz\u0131 Tango&#039;da kullan\u0131lan hafif yamuk, &#039;V&#039; \u015feklindeki kapal\u0131 tutu\u015fta ger\u00e7ekle\u015ftirilebilir.<\/p>\n<h1 class=\"p1\"><span style=\"font-size: 75%;\">Tango<\/span><span style=\"font-size: 75%;\"> Kucakla ve \u00c7er\u00e7evele <\/span><span style=\"font-size: 75%;\">Tango Tekni\u011fi<\/span><\/h1>\n<p class=\"p1\">Tango Tekni\u011fi: Baz\u0131lar\u0131na g\u00f6re, Milonguero&#039;nun di\u011fer tango dans\u0131 tarzlar\u0131ndan fark\u0131, Milonguero tarz\u0131nda \u00e7er\u00e7evenin bayan\u0131n i\u00e7inde, di\u011fer stillerde \u00e7er\u00e7evenin her iki dans\u00e7\u0131n\u0131n da kollar\u0131nda olmas\u0131d\u0131r. \u00c7er\u00e7evenin bayanda m\u0131 yoksa kollarda m\u0131 oldu\u011fu b\u00fcy\u00fck \u00f6l\u00e7\u00fcde tutu\u015fun yak\u0131nl\u0131\u011f\u0131na ve yumu\u015fakl\u0131\u011f\u0131na ba\u011fl\u0131d\u0131r. Sa\u011flam ve uzak bir tutu\u015fta, \u00e7er\u00e7eve kollarda. Tutma yeri yakla\u015ft\u0131k\u00e7a ve yumu\u015fad\u0131k\u00e7a \u00e7er\u00e7eve, her tarz Tango&#039;da kad\u0131n\u0131n v\u00fccuduna do\u011fru kayar.<\/p>\n<h3 class=\"p1\"><span style=\"font-size: 75%;\">Ric-Tic-Tic Ritmi \u2013 <\/span><span style=\"font-size: 75%;\">Tango ritmi<\/span><\/h3>\n<p class=\"p2\"><span class=\"Apple-converted-space\">Tango Tekni\u011fi: <\/span>Ric-Tic-Tic ritmi, Juan D&#039;Arienzo, Rodolfo Biagi ve di\u011ferleri taraf\u0131ndan icra edilen Tango m\u00fczi\u011findeki belirgin ritmik unsurlar\u0131 tan\u0131mlaman\u0131n bir yoludur. Baz\u0131lar\u0131 ric-tic-tic ritimli m\u00fczi\u011fin 2\/4 \u00f6l\u00e7\u00fcs\u00fcnde oldu\u011funu iddia ederken, bu g\u00f6r\u00fc\u015fte olmayanlar ikiye kar\u015f\u0131 \u00fc\u00e7 \u00f6l\u00e7\u00fcs\u00fcnde oldu\u011funu iddia etmektedirler. Baz\u0131 orkestralar 2\/4 \u00f6l\u00e7ekli tango m\u00fczi\u011fi \u00e7ald\u0131lar ve senkoplu \u00fc\u00e7e iki ritmini eklediler. Di\u011fer orkestralar 4\/4 \u00f6l\u00e7e\u011finde \u00e7almalar\u0131na ra\u011fmen, m\u00fcziklerine ikiye kar\u015f\u0131 \u00fc\u00e7 ritmini eklediler.<\/p>\n<p class=\"p2\"><span class=\"Apple-converted-space\">\u00a0<\/span>Tangonun ad\u0131mlar\u0131 bazen yava\u015f, yava\u015f; h\u0131zl\u0131, h\u0131zl\u0131, yava\u015f\u2026 Ad\u0131mlar \u015fu \u015fekilde de tan\u0131mlanabilir: yava\u015f, yava\u015f; h\u0131zl\u0131, h\u0131zl\u0131, h\u0131zl\u0131 veya bir, iki; bir, iki, \u00fc\u00e7. \u0130kiye kar\u015f\u0131 \u00fc\u00e7 dizi arka arkaya iki kez yap\u0131l\u0131r - kabaca bir, iki, \u00fc\u00e7; bir, iki, \u00fc\u00e7 veya h\u0131zl\u0131, h\u0131zl\u0131, h\u0131zl\u0131; H\u0131zl\u0131, h\u0131zl\u0131, h\u0131zl\u0131 olarak tan\u0131mlanabilir - tamamen ritmik olacakt\u0131r ve asl\u0131nda m\u00fczikte en yayg\u0131n dans bi\u00e7imlerinden biridir.<\/p>\n<p>&nbsp;<\/p>\n<figure id=\"attachment_472\" aria-describedby=\"caption-attachment-472\" style=\"width: 800px\" class=\"wp-caption alignnone\"><img loading=\"lazy\" decoding=\"async\" class=\"size-medium wp-image-472\" src=\"https:\/\/tangopera.com\/wp-content\/uploads\/2022\/02\/Tango-dersi-kursu-Tango-Lesson-800x329.jpg\" alt=\"Tango dersi kursu - Tango Lesson\" width=\"800\" height=\"329\" srcset=\"https:\/\/tangopera.com\/wp-content\/uploads\/2022\/02\/Tango-dersi-kursu-Tango-Lesson-800x329.jpg 800w, https:\/\/tangopera.com\/wp-content\/uploads\/2022\/02\/Tango-dersi-kursu-Tango-Lesson-1400x576.jpg 1400w, https:\/\/tangopera.com\/wp-content\/uploads\/2022\/02\/Tango-dersi-kursu-Tango-Lesson-768x316.jpg 768w, https:\/\/tangopera.com\/wp-content\/uploads\/2022\/02\/Tango-dersi-kursu-Tango-Lesson-1536x632.jpg 1536w, https:\/\/tangopera.com\/wp-content\/uploads\/2022\/02\/Tango-dersi-kursu-Tango-Lesson-18x7.jpg 18w, https:\/\/tangopera.com\/wp-content\/uploads\/2022\/02\/Tango-dersi-kursu-Tango-Lesson.jpg 1600w\" sizes=\"auto, (max-width: 800px) 100vw, 800px\" \/><figcaption id=\"caption-attachment-472\" class=\"wp-caption-text\"><span style=\"font-size: 100%;\">Tango Stil \u2013 Tango Tekni\u011fi \u2013 Tango Dersi \u2013 Tango G\u00f6sterisi<\/span><\/figcaption><\/figure>\n<p>&nbsp;<\/p>\n<p><a href=\"https:\/\/tangopera.com\/argentine-tango\/\">Arjantin Tangosu<\/a>: tango dersleri, tango semineri, tango dans koreografisi, tango g\u00f6sterisi,\u00a0<a href=\"https:\/\/open.spotify.com\/playlist\/3pGghUi1crPXbfPRt2HFcR?si=5fe7b99f51624c00\" target=\"_blank\" rel=\"noopener\">tango m\u00fczi\u011fi<\/a>,\u00a0<a href=\"https:\/\/open.spotify.com\/playlist\/4tbPUCMoluET9rztNAbTiz?si=f63d0f9db0f242b8\" target=\"_blank\" rel=\"noopener\">tango djli\u011fi<\/a>, tango hakk\u0131nda her \u015fey.<\/p>\n<p>Kerem Elena Tango.\u00a0\u00a0<a href=\"https:\/\/tangopera.com\/\">tangopera.com<\/a><\/p>","protected":false},"excerpt":{"rendered":"<p>Tango Technique Open and Closed Embrace Tango Technique\u00a0 All Tango styles except Tango Nuevo and Fantasia can be done in the closed hold. Although Hall and Orillero style Tango dances can be performed in the open hold, it is typically performed in the closed hold in Buenos Aires and other parts of Argentina. Milonguero and [&#8230;]\n","protected":false},"author":1,"featured_media":0,"parent":0,"menu_order":0,"comment_status":"closed","ping_status":"closed","template":"","meta":{"footnotes":""},"class_list":["post-505","page","type-page","status-publish","hentry"],"_links":{"self":[{"href":"https:\/\/tangopera.com\/tr\/wp-json\/wp\/v2\/pages\/505","targetHints":{"allow":["GET"]}}],"collection":[{"href":"https:\/\/tangopera.com\/tr\/wp-json\/wp\/v2\/pages"}],"about":[{"href":"https:\/\/tangopera.com\/tr\/wp-json\/wp\/v2\/types\/page"}],"author":[{"embeddable":true,"href":"https:\/\/tangopera.com\/tr\/wp-json\/wp\/v2\/users\/1"}],"replies":[{"embeddable":true,"href":"https:\/\/tangopera.com\/tr\/wp-json\/wp\/v2\/comments?post=505"}],"version-history":[{"count":2,"href":"https:\/\/tangopera.com\/tr\/wp-json\/wp\/v2\/pages\/505\/revisions"}],"predecessor-version":[{"id":508,"href":"https:\/\/tangopera.com\/tr\/wp-json\/wp\/v2\/pages\/505\/revisions\/508"}],"wp:attachment":[{"href":"https:\/\/tangopera.com\/tr\/wp-json\/wp\/v2\/media?parent=505"}],"curies":[{"name":"wp","href":"https:\/\/api.w.org\/{rel}","templated":true}]}}