{"id":500,"date":"2022-02-25T23:37:02","date_gmt":"2022-02-25T23:37:02","guid":{"rendered":"https:\/\/tangopera.com\/?page_id=500"},"modified":"2022-02-25T23:37:02","modified_gmt":"2022-02-25T23:37:02","slug":"tango-history-1","status":"publish","type":"page","link":"https:\/\/tangopera.com\/tr\/tango-history-1\/","title":{"rendered":"Tango Tarihi 1"},"content":{"rendered":"<h1>Tango Tarihi<\/h1>\n<p>Tango tarihi: 19. y\u00fczy\u0131l\u0131n son y\u0131llar\u0131nda Avrupa sava\u015flar, k\u0131tl\u0131k ve ekonomik belirsizliklerle harap oldu. Gelecek i\u00e7in \u00e7ok az umut ve anavatanlar\u0131nda d\u00fczenli bir ya\u015fam i\u00e7in \u00e7ok az umutla, bir\u00e7ok gen\u00e7 erkek yeni bir hayata ba\u015flamak i\u00e7in G\u00fcney Amerika \u00fclkelerine g\u00f6\u00e7 etti. Y\u00fczbinlercesi Rio de la Plata \u00fczerinde Arjantin&#039;in ba\u015fkenti Buenos Aires&#039;e gitti.<\/p>\n<h2><span style=\"font-size: 75%;\">Tango tarihi_ &quot;Tango&quot; kelimesinin Afrika k\u00f6kenli oldu\u011fu d\u00fc\u015f\u00fcn\u00fclmektedir.<\/span><\/h2>\n<p>ve tango &quot;bulu\u015fma yeri&quot; veya &quot;\u00f6zel yer&quot; anlam\u0131na gelir. Ancak bu, Tango&#039;nun da Afrika k\u00f6kenli oldu\u011fu anlam\u0131na gelmez. K\u00fcba&#039;da Habanera, \u0130spanya&#039;da Contradanza ve bir Afrika-Arjantin dans\u0131 olan Candombe, Tango&#039;nun do\u011fu\u015funda etkili oldu; ancak bu danslar\u0131n hi\u00e7biri Tango&#039;yu Milonga kadar etkilemedi.<\/p>\n<h2><span style=\"font-size: 75%;\">Milonga \u201cparti\u201d veya \u201cfiesta\u201d anlam\u0131na gelir.<\/span><\/h2>\n<p>ve Milonga m\u00fczi\u011fi canl\u0131, heyecan verici ve iyimser. Elimizdeki bilgi, Compadritos&#039;un Afrika-Arjantin k\u00f6kenli danslarla ilgili oldu\u011fu ve bu danslardan baz\u0131 fig\u00fcrleri Milonga&#039;ya uyarlam\u0131\u015f olabilece\u011fi y\u00f6n\u00fcnde.<\/p>\n<h3><span style=\"font-size: 75%;\">Avrupa k\u00f6kenli yeni Arjantinliler ortak bir kaderi payla\u015ft\u0131lar,<\/span><\/h3>\n<p>yine de \u00e7o\u011fu zaman umutsuzluk ve hayal k\u0131r\u0131kl\u0131\u011f\u0131 i\u00e7indeydiler. Bu gen\u00e7ler genellikle akademilerde ve pregundies&#039;de, dans etmek i\u00e7in garsonlar\u0131n tutulabilece\u011fi eski p\u00fcsk\u00fc kafelerde vakit ge\u00e7irirdi. Gen\u00e7 erkeklerin kad\u0131nlar\u0131 etkilemek i\u00e7in \u00e7ok iyi dans\u00e7\u0131 olmalar\u0131 gerekiyordu, bu y\u00fczden dans onlar i\u00e7in \u00e7ok \u00f6nemli hale geldi.<\/p>\n<h3><span style=\"font-size: 75%;\">Profesyonel dans akademileri olmad\u0131\u011f\u0131 i\u00e7in,<\/span><\/h3>\n<p>erkekler, kafelerde kad\u0131nlar\u0131 ba\u015ftan \u00e7\u0131karmadan \u00f6nce s\u0131rayla erkek ve kad\u0131n ad\u0131mlar\u0131n\u0131 atarak ve bu \u015fekilde pratik yaparak birbirlerine tango \u00f6\u011fretmeye ba\u015flad\u0131lar. Art\u0131k Avrupa dans\u0131n\u0131n kat\u0131 kurallar\u0131na ba\u011fl\u0131 olmad\u0131klar\u0131ndan, erkekler danslar\u0131nda kad\u0131nlara hakim olmak i\u00e7in \u00e7ok pratik ve genellikle tamamen yeni yollar bulmaya ba\u015flad\u0131lar.<\/p>\n<p>&nbsp;<\/p>\n<figure id=\"attachment_465\" aria-describedby=\"caption-attachment-465\" style=\"width: 711px\" class=\"wp-caption alignnone\"><img loading=\"lazy\" decoding=\"async\" class=\"size-medium wp-image-465\" src=\"https:\/\/tangopera.com\/wp-content\/uploads\/2022\/02\/Arjantine-Tango-Bandoneon--711x400.png\" alt=\"Arjantine Tango - Bandoneon\" width=\"711\" height=\"400\" srcset=\"https:\/\/tangopera.com\/wp-content\/uploads\/2022\/02\/Arjantine-Tango-Bandoneon--711x400.png 711w, https:\/\/tangopera.com\/wp-content\/uploads\/2022\/02\/Arjantine-Tango-Bandoneon--1400x788.png 1400w, https:\/\/tangopera.com\/wp-content\/uploads\/2022\/02\/Arjantine-Tango-Bandoneon--768x432.png 768w, https:\/\/tangopera.com\/wp-content\/uploads\/2022\/02\/Arjantine-Tango-Bandoneon--1536x864.png 1536w, https:\/\/tangopera.com\/wp-content\/uploads\/2022\/02\/Arjantine-Tango-Bandoneon--18x10.png 18w, https:\/\/tangopera.com\/wp-content\/uploads\/2022\/02\/Arjantine-Tango-Bandoneon-.png 1920w\" sizes=\"auto, (max-width: 711px) 100vw, 711px\" \/><figcaption id=\"caption-attachment-465\" class=\"wp-caption-text\">Arjantin Tango Tarihi \u2013 Bandoneon&#039;un Mucidi<\/figcaption><\/figure>\n<p>&nbsp;<\/p>\n<p><a href=\"https:\/\/tangopera.com\/argentine-tango\/\">Arjantin Tangosu<\/a>: tango dersleri, tango semineri, tango dans koreografisi, tango g\u00f6sterisi,\u00a0<a href=\"https:\/\/open.spotify.com\/playlist\/3pGghUi1crPXbfPRt2HFcR?si=5fe7b99f51624c00\" target=\"_blank\" rel=\"noopener\">tango m\u00fczi\u011fi<\/a>,\u00a0<a href=\"https:\/\/open.spotify.com\/playlist\/4tbPUCMoluET9rztNAbTiz?si=f63d0f9db0f242b8\" target=\"_blank\" rel=\"noopener\">tango djli\u011fi<\/a>, tango hakk\u0131nda her \u015fey.<\/p>\n<p>Kerem Elena Tango.\u00a0\u00a0<a href=\"https:\/\/tangopera.com\/\">tangopera.com<\/a><\/p>","protected":false},"excerpt":{"rendered":"<p>Tango History Tango history: In the final years of the 19th century, Europe was devastated by wars, famine and economic uncertainty. With little hope for the future and little hope for an orderly life in their homeland, many young men immigrated to South American countries to start a new life. Hundreds of thousands of them [&#8230;]","protected":false},"author":1,"featured_media":0,"parent":0,"menu_order":0,"comment_status":"closed","ping_status":"closed","template":"","meta":{"footnotes":""},"class_list":["post-500","page","type-page","status-publish","hentry"],"_links":{"self":[{"href":"https:\/\/tangopera.com\/tr\/wp-json\/wp\/v2\/pages\/500","targetHints":{"allow":["GET"]}}],"collection":[{"href":"https:\/\/tangopera.com\/tr\/wp-json\/wp\/v2\/pages"}],"about":[{"href":"https:\/\/tangopera.com\/tr\/wp-json\/wp\/v2\/types\/page"}],"author":[{"embeddable":true,"href":"https:\/\/tangopera.com\/tr\/wp-json\/wp\/v2\/users\/1"}],"replies":[{"embeddable":true,"href":"https:\/\/tangopera.com\/tr\/wp-json\/wp\/v2\/comments?post=500"}],"version-history":[{"count":2,"href":"https:\/\/tangopera.com\/tr\/wp-json\/wp\/v2\/pages\/500\/revisions"}],"predecessor-version":[{"id":502,"href":"https:\/\/tangopera.com\/tr\/wp-json\/wp\/v2\/pages\/500\/revisions\/502"}],"wp:attachment":[{"href":"https:\/\/tangopera.com\/tr\/wp-json\/wp\/v2\/media?parent=500"}],"curies":[{"name":"wp","href":"https:\/\/api.w.org\/{rel}","templated":true}]}}