{"id":490,"date":"2022-02-25T21:42:45","date_gmt":"2022-02-25T21:42:45","guid":{"rendered":"https:\/\/tangopera.com\/?page_id=490"},"modified":"2022-02-25T21:44:38","modified_gmt":"2022-02-25T21:44:38","slug":"7-tango-styles","status":"publish","type":"page","link":"https:\/\/tangopera.com\/tr\/7-tango-styles\/","title":{"rendered":"7 Tango Stili"},"content":{"rendered":"<figure id=\"attachment_470\" aria-describedby=\"caption-attachment-470\" style=\"width: 509px\" class=\"wp-caption alignnone\"><img loading=\"lazy\" decoding=\"async\" class=\"size-medium wp-image-470\" src=\"https:\/\/tangopera.com\/wp-content\/uploads\/2022\/02\/Tango-Club-509x400.jpg\" alt=\"Tango Club, Tango Milonga, Tango Style\" width=\"509\" height=\"400\" srcset=\"https:\/\/tangopera.com\/wp-content\/uploads\/2022\/02\/Tango-Club-509x400.jpg 509w, https:\/\/tangopera.com\/wp-content\/uploads\/2022\/02\/Tango-Club-15x12.jpg 15w, https:\/\/tangopera.com\/wp-content\/uploads\/2022\/02\/Tango-Club.bmp 541w\" sizes=\"auto, (max-width: 509px) 100vw, 509px\" \/><figcaption id=\"caption-attachment-470\" class=\"wp-caption-text\">Tango Kul\u00fcb\u00fc, Tango Milonga, Tango Dans\u00e7\u0131lar\u0131, Tango Tarz\u0131<\/figcaption><\/figure>\n<h1 class=\"p1\">Arjantin Tango Stilleri<\/h1>\n<p class=\"p1\">Buenos Aires&#039;te ve Arjantin&#039;in di\u011fer b\u00f6lgelerinde tango, bir\u00e7ok bireysel ve ki\u015fisel tarzda icra edilir ve Arjantinli olmayan bir\u00e7ok tango dans\u00e7\u0131s\u0131, danslar\u0131n\u0131n herhangi bir stile ait oldu\u011funu kabul etmez. Sadece Tango dans\u0131 yapt\u0131klar\u0131n\u0131 s\u00f6yl\u00fcyorlar. Di\u011ferleri, danslar\u0131n\u0131n ba\u015fka bir adla adland\u0131rd\u0131klar\u0131 bir stile ait oldu\u011funu s\u00f6yleyerek daha da kar\u0131\u015ft\u0131r\u0131rlar. Farkl\u0131 stillerin benzersiz \u00f6zelliklerini belirlemek zor, zorlu ve muhtemelen tart\u0131\u015fmal\u0131 bir i\u015ftir. Bununla birlikte, bireysel stillerin spektrumundaki ortak noktalar\u0131n ve farkl\u0131l\u0131klar\u0131n belirlenmesi, Tango dans\u0131n\u0131n birka\u00e7 spesifik kategoriye b\u00f6l\u00fcnmesine izin verir; Bunlar: Salon, Orillero, Milonguero, Club, Nuevo, Fantasia ve Canyengue.<span class=\"Apple-converted-space\">\u00a0<\/span><\/p>\n<h2 class=\"p1\">Tango Salonu stili<\/h2>\n<p class=\"p1\">Tango Salon stili tango tipik olarak dik bir v\u00fccut duru\u015fu ile yap\u0131l\u0131r. Kavrama a\u00e7\u0131k veya kapal\u0131 olabilir, ancak genellikle hafif\u00e7e e\u011fridir (yani her iki dans\u00e7\u0131n\u0131n merkezi partnerlerinin merkezinin biraz sa\u011f\u0131ndad\u0131r) ve &#039;V&#039; \u015feklindedir (yani bayan\u0131n sol omzu erke\u011fin sa\u011f omzuna sa\u011f\u0131ndan daha yak\u0131nd\u0131r) omuz, adam\u0131n sol omzundad\u0131r).<\/p>\n<p class=\"p1\">Salon tarz\u0131 Tango a\u00e7\u0131k tutu\u015fta yap\u0131ld\u0131\u011f\u0131nda, dans\u00e7\u0131lar aras\u0131ndaki mesafe, bayan\u0131n d\u00f6n\u00fc\u015flerini daha kolay ger\u00e7ekle\u015ftirmesini sa\u011flar ve d\u00f6nerken kal\u00e7alar\u0131 ile \u00fcst g\u00f6vdesi aras\u0131nda daha az ba\u011f\u0131ms\u0131z hareket gerektirir. Salon tarz\u0131 Tango kapal\u0131 tutu\u015fta yap\u0131ld\u0131\u011f\u0131nda, \u00e7ift tutu\u015fu biraz gev\u015feterek d\u00f6n\u00fc\u015fler i\u00e7in yer a\u00e7ar ve bayan\u0131n d\u00f6n\u00fc\u015flerde daha rahat hareket etmesine izin verir. Salon tarz\u0131 tango genellikle DiSarli gibi vuru\u015flar\u0131n en kuvvetli oldu\u011fu ve 4\/4 \u00f6l\u00e7\u00fcs\u00fcnde \u00e7al\u0131nan par\u00e7alarda icra edilir. Salon tarz\u0131 Tango&#039;da dans\u00e7\u0131lar dans \u00e7izgisini takip etmelidir.<\/p>\n<h3 class=\"p1\">Orillero tarz\u0131 Tango<\/h3>\n<p class=\"p1\">Bu tarz, Tango kafe ve barlar gibi k\u00fc\u00e7\u00fck salonlar i\u00e7in daha uygundur. Bu t\u00fcr tangoda kad\u0131n ve erkek \u00e7ok k\u00fc\u00e7\u00fck bir alanda dans ederek birbirlerinin etraf\u0131nda \u00e7ok karma\u015f\u0131k fig\u00fcrler olu\u015ftururlar. Bu tarz kesinlikle daha i\u00e7ten.<\/p>\n<p class=\"p1\">Orillero tarz\u0131 Tango, dans pistlerinin daha b\u00fcy\u00fck oldu\u011fu Buenos Aires&#039;in banliy\u00f6lerinde do\u011fdu. Orillero tarz\u0131 Tango, Salon tarz\u0131 Tango&#039;ya bir\u00e7ok y\u00f6nden benzer. Bu stilde de \u00e7ift dik bir duru\u015fa sahiptir ve tutu\u015f hafif\u00e7e e\u011fri ve &#039;V&#039;, a\u00e7\u0131k veya kapal\u0131 olabilir. S\u0131rayla, bayan kolayca d\u00f6nebilir ve d\u00f6nerken kal\u00e7alar\u0131 ile \u00fcst g\u00f6vdesi aras\u0131nda \u00e7ok fazla ba\u011f\u0131ms\u0131z harekete ihtiya\u00e7 duymaz. Orillero tarz\u0131 Tango kapal\u0131 tutu\u015fta yap\u0131ld\u0131\u011f\u0131nda, \u00e7ift d\u00f6n\u00fc\u015fe yer a\u00e7mak i\u00e7in tutu\u015fu biraz gev\u015fek b\u0131rak\u0131rlar. Orillero tarz\u0131 Tango&#039;nun Salon tarz\u0131 Tango&#039;dan fark\u0131, dans \u00e7izgisi kural\u0131na her zaman uymayan ne\u015feli fig\u00fcrlere sahip olmas\u0131 ve \u00e7ok yer kaplamas\u0131d\u0131r.<span class=\"Apple-converted-space\">\u00a0<\/span><\/p>\n<h2 class=\"p1\">Milonguero tarz\u0131 Tango<\/h2>\n<p class=\"p1\">Milonguero tarz\u0131 Tango&#039;da \u00e7ift, \u00fcst v\u00fccut hafif\u00e7e \u00f6ne e\u011filmi\u015f (Arjantinliler buna apilado der) ve ayak parmaklar\u0131 aras\u0131nda biraz mesafe olacak \u015fekilde g\u00f6\u011fs\u00fc birle\u015ftirerek dans eder. Kavrama genellikle kapal\u0131d\u0131r ve kad\u0131n\u0131n sol omzunun erke\u011fin sa\u011f omzuna olan mesafesi, kad\u0131n\u0131n sa\u011f omzunun erke\u011fin sol omzuna olan mesafesiyle ayn\u0131d\u0131r. Kad\u0131n\u0131n sol kolu adam\u0131n boynundan a\u015fa\u011f\u0131 sark\u0131yor. Bu tarzdaki baz\u0131 dans\u00e7\u0131lar, \u00e7iftin birbirine do\u011fru e\u011filmesi gerekti\u011fini s\u00f6ylerken, bu g\u00f6r\u00fc\u015fe kar\u015f\u0131 \u00e7\u0131kanlar, her iki dans\u00e7\u0131n\u0131n da sadece g\u00f6\u011f\u00fcs temas\u0131 yapacak kadar e\u011filmesi gerekti\u011fini, \u00f6zellikle de\u011fil. Her iki dans\u00e7\u0131n\u0131n da \u00fcst bedenleri s\u00fcrekli temas halindedir ve bu temas d\u00f6n\u00fc\u015flerde veya ocholarda bozulmaz; aksi takdirde, kad\u0131n kal\u00e7alar\u0131n\u0131 v\u00fccudunun \u00fcst k\u0131sm\u0131ndan \u00e7ok ba\u011f\u0131ms\u0131z hareket ettirmedik\u00e7e ve\/veya ayaklar\u0131n\u0131 s\u0131rayla \u00e7ok fazla d\u00f6nd\u00fcrmedik\u00e7e, \u00e7ift sadece y\u00fcr\u00fcy\u00fc\u015fler ve basit ocho&#039;lar yapabilir. Ocho cortado, Milonguero stili Tango&#039;nun ay\u0131rt edici hareketlerinden biridir \u00e7\u00fcnk\u00fc bu fig\u00fcr, \u00e7iftin tutu\u015funu bu stile \u00f6zg\u00fc ritmik hassasiyetle birle\u015ftirir.<\/p>\n<h3 class=\"p1\">Kul\u00fcp Tango Tarz\u0131<\/h3>\n<p class=\"p1\">Kul\u00fcp tarz\u0131 Tango, Salon tarz\u0131 Tango ve Milonguero tarz\u0131 Tango&#039;nun hassasiyetlerini birle\u015ftirir. Kul\u00fcp stili Tango, dik bir duru\u015fta ve hafif \u00e7arp\u0131k bir &#039;V&#039; kapal\u0131 tutu\u015fta ger\u00e7ekle\u015ftirilir. \u00c7ift tutu\u015funu biraz gev\u015feterek bayan\u0131n d\u00f6n\u00fc\u015flerini daha kolay yapmas\u0131na ve d\u00f6nerken kal\u00e7alar\u0131 ile \u00fcst g\u00f6vdesi aras\u0131nda daha az ba\u011f\u0131ms\u0131z harekete ihtiya\u00e7 duymas\u0131na izin verir. Kul\u00fcp tarz\u0131 Tango fig\u00fcrleri aras\u0131nda ocho cortado ve Milonguero tarz\u0131 Tango&#039;nun ritmik fig\u00fcrleri yer al\u0131r.<\/p>\n<h2 class=\"p1\">Tango Nuevo (Yeni Tango Tarz\u0131)<\/h2>\n<p class=\"p1\">Tango Nuevo, Tango dans\u0131n\u0131n yap\u0131sal bir analizini yaparak daha \u00f6nce denenmemi\u015f kombinasyonlar\u0131 ve fig\u00fcrleri bulmay\u0131 ama\u00e7layan pedagojik bir yakla\u015f\u0131md\u0131r. Bu tarz tango a\u00e7\u0131k tutu\u015fta, rahat ve tamamen dik pozisyonda ger\u00e7ekle\u015ftirilir ve dans\u00e7\u0131lar\u0131n dikey eksenlerini korumalar\u0131 \u00e7ok \u00f6nemlidir. Tango Nuevo hayranlar\u0131 baz\u0131 fig\u00fcrlerin yeni bir yap\u0131sal analize ihtiya\u00e7 duydu\u011funu s\u00f6ylerken, en belirgin fig\u00fcrlerinden baz\u0131lar\u0131 devrilme ocho&#039;lar\u0131 ve d\u00f6n\u00fc\u015fler s\u0131ras\u0131ndaki y\u00f6n de\u011fi\u015fiklikleri, en kolay \u015fekilde gev\u015fek bir tutu\u015fta yap\u0131labilir.<\/p>\n<h2 class=\"p1\">Fantasia (Tango Tarz\u0131n\u0131 G\u00f6ster)<\/h2>\n<p class=\"p1\">Fantasia, Tango performanslar\u0131nda ger\u00e7ekle\u015ftirilir. A\u00e7\u0131k tutu\u015fta icra edilen Salon, Orillero ve Nuevo stillerinin bir birle\u015fimidir ve ayr\u0131ca sosyal tango repertuar\u0131nda bulunmayan baz\u0131 fig\u00fcrleri (genellikle baleden al\u0131nm\u0131\u015ft\u0131r) i\u00e7erir. Bu bale unsurlar\u0131, Salon tarz\u0131 Tango&#039;nun do\u011fal bir uzant\u0131s\u0131d\u0131r, \u00e7\u00fcnk\u00fc bu tarz baleye benzer.<span class=\"Apple-converted-space\">\u00a0<\/span><\/p>\n<h3 class=\"p1\">kanyengue<\/h3>\n<p class=\"p1\">Canyengue 1920&#039;lerde ve 30&#039;lar\u0131n ba\u015f\u0131nda icra edilen eski bir tarz tangodur ve \u015fu anda bu tarzda \u00e7al\u0131\u015fan dans\u00e7\u0131lar\u0131n orijinal kurallara uyup uymad\u0131klar\u0131 belirsizdir. Dans\u00e7\u0131lar hareket ederken dizlerini b\u00fckerek kapal\u0131 ve hafif \u00e7arp\u0131k &#039;V&#039; \u015feklinde bir tutu\u015fta yap\u0131l\u0131r. Bayan ge\u00e7mez. Kanyengue pop\u00fcler oldu\u011funda uzun, dar elbiseler giyilirdi.<\/p>\n<p>&nbsp;<\/p>\n<figure id=\"attachment_462\" aria-describedby=\"caption-attachment-462\" style=\"width: 523px\" class=\"wp-caption alignleft\"><img loading=\"lazy\" decoding=\"async\" class=\"wp-image-462 size-full\" src=\"https:\/\/tangopera.com\/wp-content\/uploads\/2022\/02\/Tango-Styles-Tango-Stilleri-4.jpg\" alt=\"Tango Styles * Tango Stilleri\" width=\"523\" height=\"657\" srcset=\"https:\/\/tangopera.com\/wp-content\/uploads\/2022\/02\/Tango-Styles-Tango-Stilleri-4.jpg 523w, https:\/\/tangopera.com\/wp-content\/uploads\/2022\/02\/Tango-Styles-Tango-Stilleri-4-318x400.jpg 318w, https:\/\/tangopera.com\/wp-content\/uploads\/2022\/02\/Tango-Styles-Tango-Stilleri-4-10x12.jpg 10w\" sizes=\"auto, (max-width: 523px) 100vw, 523px\" \/><figcaption id=\"caption-attachment-462\" class=\"wp-caption-text\">Tango Stilleri * Tango Stilleri<\/figcaption><\/figure>\n<p>&nbsp;<\/p>\n<p>&nbsp;<\/p>\n<p>&nbsp;<\/p>\n<p>&nbsp;<\/p>\n<p>&nbsp;<\/p>\n<p>&nbsp;<\/p>\n<p>&nbsp;<\/p>\n<p>&nbsp;<\/p>\n<p>&nbsp;<\/p>\n<p>&nbsp;<\/p>\n<p>&nbsp;<\/p>\n<p>&nbsp;<\/p>\n<p>&nbsp;<\/p>\n<p>&nbsp;<\/p>\n<p>&nbsp;<\/p>\n<p>&nbsp;<\/p>\n<p>&nbsp;<\/p>\n<p>&nbsp;<\/p>\n<p>&nbsp;<\/p>\n<p>&nbsp;<\/p>\n<p><a href=\"https:\/\/tangopera.com\/argentine-tango\/\">Arjantin Tangosu<\/a>: tango dersleri, tango semineri, tango dans koreografisi, tango g\u00f6sterisi,\u00a0<a href=\"https:\/\/open.spotify.com\/playlist\/3pGghUi1crPXbfPRt2HFcR?si=5fe7b99f51624c00\" target=\"_blank\" rel=\"noopener\">tango m\u00fczi\u011fi<\/a>,\u00a0<a href=\"https:\/\/open.spotify.com\/playlist\/4tbPUCMoluET9rztNAbTiz?si=f63d0f9db0f242b8\" target=\"_blank\" rel=\"noopener\">tango djli\u011fi<\/a>, tango hakk\u0131nda her \u015fey.<\/p>\n<p>Kerem Elena Tango.\u00a0\u00a0<a href=\"https:\/\/tangopera.com\/\">tangopera.com<\/a><\/p>","protected":false},"excerpt":{"rendered":"<p>Argentine Tango Styles Tango in Buenos Aires and other parts of Argentina is performed in many individual and personal styles, and many non-Argentine Tango dancers do not admit that their dance falls under any style. They say they just dance Tango. Others confuse it further by saying that their dance belongs to a style that [&#8230;]","protected":false},"author":1,"featured_media":0,"parent":0,"menu_order":0,"comment_status":"closed","ping_status":"closed","template":"","meta":{"footnotes":""},"class_list":["post-490","page","type-page","status-publish","hentry"],"_links":{"self":[{"href":"https:\/\/tangopera.com\/tr\/wp-json\/wp\/v2\/pages\/490","targetHints":{"allow":["GET"]}}],"collection":[{"href":"https:\/\/tangopera.com\/tr\/wp-json\/wp\/v2\/pages"}],"about":[{"href":"https:\/\/tangopera.com\/tr\/wp-json\/wp\/v2\/types\/page"}],"author":[{"embeddable":true,"href":"https:\/\/tangopera.com\/tr\/wp-json\/wp\/v2\/users\/1"}],"replies":[{"embeddable":true,"href":"https:\/\/tangopera.com\/tr\/wp-json\/wp\/v2\/comments?post=490"}],"version-history":[{"count":3,"href":"https:\/\/tangopera.com\/tr\/wp-json\/wp\/v2\/pages\/490\/revisions"}],"predecessor-version":[{"id":493,"href":"https:\/\/tangopera.com\/tr\/wp-json\/wp\/v2\/pages\/490\/revisions\/493"}],"wp:attachment":[{"href":"https:\/\/tangopera.com\/tr\/wp-json\/wp\/v2\/media?parent=490"}],"curies":[{"name":"wp","href":"https:\/\/api.w.org\/{rel}","templated":true}]}}