{"id":487,"date":"2022-02-25T21:21:48","date_gmt":"2022-02-25T21:21:48","guid":{"rendered":"https:\/\/tangopera.com\/?page_id=487"},"modified":"2022-02-25T23:44:44","modified_gmt":"2022-02-25T23:44:44","slug":"tango-music","status":"publish","type":"page","link":"https:\/\/tangopera.com\/tr\/tango-music\/","title":{"rendered":"Tango M\u00fczi\u011fi 1"},"content":{"rendered":"<figure id=\"attachment_461\" aria-describedby=\"caption-attachment-461\" style=\"width: 520px\" class=\"wp-caption alignnone\"><img loading=\"lazy\" decoding=\"async\" class=\"size-full wp-image-461\" src=\"https:\/\/tangopera.com\/wp-content\/uploads\/2022\/02\/Tango-History-Tango-Tarihi-1.jpg\" alt=\"Tango History - Tango Tarihi 1\" width=\"520\" height=\"379\" srcset=\"https:\/\/tangopera.com\/wp-content\/uploads\/2022\/02\/Tango-History-Tango-Tarihi-1.jpg 520w, https:\/\/tangopera.com\/wp-content\/uploads\/2022\/02\/Tango-History-Tango-Tarihi-1-16x12.jpg 16w\" sizes=\"auto, (max-width: 520px) 100vw, 520px\" \/><figcaption id=\"caption-attachment-461\" class=\"wp-caption-text\">Tango M\u00fczik Tarihi<\/figcaption><\/figure>\n<h1 class=\"p1\">Tango M\u00fczi\u011fi<\/h1>\n<h2 class=\"p1\"><span style=\"font-size: 75%;\">Tango m\u00fczi\u011finin enstr\u00fcmanlar\u0131.<\/span><\/h2>\n<p class=\"p1\">Tango M\u00fczi\u011fi: Tango ile birlikte kullan\u0131lan ilk enstr\u00fcmanlar gitar, fl\u00fct ve keman olmu\u015ftur. Daha sonra bandoneon bu dans\u0131n vazge\u00e7ilmez enstr\u00fcman\u0131 oldu. Bandoneonun Tango&#039;nun ruhu oldu\u011fu s\u00f6ylenir; Tango besteleri de bu \u201c\u015feytan\u0131n enstr\u00fcman\u0131na\u201d adanm\u0131\u015ft\u0131r. Bandoneon bir t\u00fcr akordeondur ve \u00e7almas\u0131 ger\u00e7ekten zordur. Solo icra edilen baz\u0131 Tangolar d\u0131\u015f\u0131nda t\u00fcm Tango besteleri bandoneon \u00fczerine yaz\u0131l\u0131r.<\/p>\n<h3 class=\"p1\"><span style=\"font-size: 75%;\">T\u00fcm tango m\u00fczi\u011fi ustalar\u0131 i\u00e7in belki de d\u00fcnyan\u0131n en tan\u0131nm\u0131\u015f par\u00e7as\u0131 \u201cLa Cumparsita\u201d<\/span><\/h3>\n<p class=\"p1\"><span style=\"font-size: 14.4px;\">ilk olarak 1916&#039;da Gerardo Matos taraf\u0131ndan bir mar\u015f olarak yaz\u0131lm\u0131\u015f ve daha sonra bir Tango par\u00e7as\u0131 olarak d\u00fczenlenmi\u015ftir. \u201cLa Cumparsita\u201d k\u00fc\u00e7\u00fck bir sokak toplulu\u011fu veya karnavalda bir g\u00f6steri anlam\u0131na gelir. Bir di\u011fer \u00fcnl\u00fc Tango par\u00e7as\u0131 ise Angelo Villoldo&#039;nun 1905 y\u0131l\u0131nda besteledi\u011fi \u201cEl Choclo\u201ddur. Bu par\u00e7a t\u00fcm zamanlar\u0131n en be\u011fenilen \u015fark\u0131lar\u0131ndan biridir ve 1950&#039;de yay\u0131nlanan yeni d\u00fczenlemesi \u201cKiss of Fire\u201d Amerika pop listelerine girmi\u015ftir.<\/span><\/p>\n<h3 class=\"p1\"><span style=\"font-size: 75%;\">Bandoneonun derin ve y\u00fcksek sesiyle tango m\u00fczi\u011fi,\u00a0<\/span><\/h3>\n<p class=\"p1\">daha yo\u011fun ve d\u00fc\u015f\u00fcnd\u00fcr\u00fcc\u00fc ve hatta bazen melankolik bir ton ald\u0131. Melodiler \u00fczerine insanlar\u0131n hayatlar\u0131n\u0131 anlatan s\u00f6zler yaz\u0131lm\u0131\u015ft\u0131r.<\/p>\n<h3 class=\"p1\"><span style=\"font-size: 75%;\">Tango \u015fark\u0131 yazarlar\u0131n\u0131n kulland\u0131\u011f\u0131 ana fikirler, <\/span><\/h3>\n<p class=\"p1\">kaderci g\u00f6r\u00fc\u015flerle ve kendi g\u00f6r\u00fc\u015flerine g\u00f6re, hayat\u0131n insanlara koydu\u011fu s\u0131navlarla ilgiliydi. Carlos Gardel, t\u00fcm zamanlar\u0131n en b\u00fcy\u00fck Tango sanat\u00e7\u0131s\u0131yd\u0131. Gardel ger\u00e7ek bir Latin k\u00f6kenliydi ve 1935&#039;te trajik bir u\u00e7ak kazas\u0131nda \u00f6ld\u00fc. Buenos Aires&#039;in La Chacarita semtinde bulunan mezar\u0131 hayranlar\u0131 taraf\u0131ndan d\u00fczenli olarak ziyaret ediliyor. Gardel&#039;in eski payadorlar\u0131n ya\u015fam tarz\u0131n\u0131 yans\u0131tan bir\u00e7ok \u015fark\u0131s\u0131nda gitar e\u015flik ediyor. Gardel&#039;in 1917&#039;de seslendirdi\u011fi ilk Tango eseri \u201cMi Noche Triste\u201d (\u201c\u00dczg\u00fcn\u00fcm geceler\u201d) idi. Bu par\u00e7a terkedilen ve kendini i\u00e7kiye veren bir \u00e2\u015f\u0131\u011f\u0131n \u00fcz\u00fcnt\u00fcs\u00fcn\u00fc anlat\u0131yordu.<\/p>\n<h4 class=\"p1\">Tan\u0131nm\u0131\u015f bir Tango s\u00f6z yazar\u0131 ve bestecisi olan Enrique Santos Discepolo bir keresinde \u015f\u00f6yle demi\u015fti:<\/h4>\n<p class=\"p1\">&quot;Tango, dansla s\u00f6ylenen h\u00fcz\u00fcnl\u00fc bir d\u00fc\u015f\u00fcncedir.&quot;<\/p>\n<figure id=\"attachment_456\" aria-describedby=\"caption-attachment-456\" style=\"width: 633px\" class=\"wp-caption alignnone\"><img loading=\"lazy\" decoding=\"async\" class=\"size-medium wp-image-456\" src=\"https:\/\/tangopera.com\/wp-content\/uploads\/2022\/02\/Tango-Orquestras-Timeline-1-Tango-Tarihi-3-633x400.jpg\" alt=\"Tango Orquestras Timeline 1 - Tango Tarihi 3\" width=\"633\" height=\"400\" srcset=\"https:\/\/tangopera.com\/wp-content\/uploads\/2022\/02\/Tango-Orquestras-Timeline-1-Tango-Tarihi-3-633x400.jpg 633w, https:\/\/tangopera.com\/wp-content\/uploads\/2022\/02\/Tango-Orquestras-Timeline-1-Tango-Tarihi-3-1267x800.jpg 1267w, https:\/\/tangopera.com\/wp-content\/uploads\/2022\/02\/Tango-Orquestras-Timeline-1-Tango-Tarihi-3-768x485.jpg 768w, https:\/\/tangopera.com\/wp-content\/uploads\/2022\/02\/Tango-Orquestras-Timeline-1-Tango-Tarihi-3-1536x970.jpg 1536w, https:\/\/tangopera.com\/wp-content\/uploads\/2022\/02\/Tango-Orquestras-Timeline-1-Tango-Tarihi-3-2048x1293.jpg 2048w, https:\/\/tangopera.com\/wp-content\/uploads\/2022\/02\/Tango-Orquestras-Timeline-1-Tango-Tarihi-3-18x12.jpg 18w\" sizes=\"auto, (max-width: 633px) 100vw, 633px\" \/><figcaption id=\"caption-attachment-456\" class=\"wp-caption-text\">Tango M\u00fczi\u011fi \u2013 Tango Orquestras Zaman \u00c7izelgesi<\/figcaption><\/figure>\n<p>&nbsp;<\/p>\n<p><a href=\"https:\/\/tangopera.com\/argentine-tango\/\">Arjantin Tangosu<\/a>: tango dersleri, tango semineri, tango dans koreografisi, tango g\u00f6sterisi, <a href=\"https:\/\/open.spotify.com\/playlist\/3pGghUi1crPXbfPRt2HFcR?si=5fe7b99f51624c00\" target=\"_blank\" rel=\"noopener\">tango m\u00fczi\u011fi<\/a>, <a href=\"https:\/\/open.spotify.com\/playlist\/4tbPUCMoluET9rztNAbTiz?si=f63d0f9db0f242b8\" target=\"_blank\" rel=\"noopener\">tango djli\u011fi<\/a>, tango hakk\u0131nda her \u015fey.<\/p>\n<p>Kerem Elena Tango.\u00a0\u00a0<a href=\"https:\/\/tangopera.com\/\">tangopera.com<\/a><\/p>","protected":false},"excerpt":{"rendered":"<p>Tango Music The instruments of tango music. Tango Music: The first instruments used with the tango were the guitar, flute and violin. Later, the bandoneon became the indispensable instrument of this dance. The bandoneon is said to be the spirit of Tango; Tango compositions are also dedicated to this &#8220;devil&#8217;s instrument&#8221;. Bandoneon is a kind [&#8230;]","protected":false},"author":1,"featured_media":0,"parent":0,"menu_order":0,"comment_status":"closed","ping_status":"closed","template":"","meta":{"footnotes":""},"class_list":["post-487","page","type-page","status-publish","hentry"],"_links":{"self":[{"href":"https:\/\/tangopera.com\/tr\/wp-json\/wp\/v2\/pages\/487","targetHints":{"allow":["GET"]}}],"collection":[{"href":"https:\/\/tangopera.com\/tr\/wp-json\/wp\/v2\/pages"}],"about":[{"href":"https:\/\/tangopera.com\/tr\/wp-json\/wp\/v2\/types\/page"}],"author":[{"embeddable":true,"href":"https:\/\/tangopera.com\/tr\/wp-json\/wp\/v2\/users\/1"}],"replies":[{"embeddable":true,"href":"https:\/\/tangopera.com\/tr\/wp-json\/wp\/v2\/comments?post=487"}],"version-history":[{"count":4,"href":"https:\/\/tangopera.com\/tr\/wp-json\/wp\/v2\/pages\/487\/revisions"}],"predecessor-version":[{"id":504,"href":"https:\/\/tangopera.com\/tr\/wp-json\/wp\/v2\/pages\/487\/revisions\/504"}],"wp:attachment":[{"href":"https:\/\/tangopera.com\/tr\/wp-json\/wp\/v2\/media?parent=487"}],"curies":[{"name":"wp","href":"https:\/\/api.w.org\/{rel}","templated":true}]}}