{"id":480,"date":"2022-02-25T20:34:08","date_gmt":"2022-02-25T20:34:08","guid":{"rendered":"https:\/\/tangopera.com\/?page_id=480"},"modified":"2022-02-26T18:14:55","modified_gmt":"2022-02-26T18:14:55","slug":"argentine-tango","status":"publish","type":"page","link":"https:\/\/tangopera.com\/tr\/argentine-tango\/","title":{"rendered":"Arjantin Tangosu 1"},"content":{"rendered":"<figure id=\"attachment_471\" aria-describedby=\"caption-attachment-471\" style=\"width: 529px\" class=\"wp-caption alignnone\"><img loading=\"lazy\" decoding=\"async\" class=\"size-medium wp-image-471\" src=\"https:\/\/tangopera.com\/wp-content\/uploads\/2022\/02\/Tango-dance-Bandoneon-529x400.jpg\" alt=\"Argentine Tango dance - Bandoneon\" width=\"529\" height=\"400\" srcset=\"https:\/\/tangopera.com\/wp-content\/uploads\/2022\/02\/Tango-dance-Bandoneon-529x400.jpg 529w, https:\/\/tangopera.com\/wp-content\/uploads\/2022\/02\/Tango-dance-Bandoneon-1058x800.jpg 1058w, https:\/\/tangopera.com\/wp-content\/uploads\/2022\/02\/Tango-dance-Bandoneon-768x581.jpg 768w, https:\/\/tangopera.com\/wp-content\/uploads\/2022\/02\/Tango-dance-Bandoneon-1536x1161.jpg 1536w, https:\/\/tangopera.com\/wp-content\/uploads\/2022\/02\/Tango-dance-Bandoneon-2048x1548.jpg 2048w, https:\/\/tangopera.com\/wp-content\/uploads\/2022\/02\/Tango-dance-Bandoneon-16x12.jpg 16w\" sizes=\"auto, (max-width: 529px) 100vw, 529px\" \/><figcaption id=\"caption-attachment-471\" class=\"wp-caption-text\">Arjantin tango dans\u0131 ve tango m\u00fczi\u011finin kalbi Bandoneon.<\/figcaption><\/figure>\n<h1 class=\"p1\">Arjantin Tangosu:<\/h1>\n<p class=\"p1\"><span style=\"font-size: 110%;\">Arjantin Tango, 19. y\u00fczy\u0131l\u0131n ikinci yar\u0131s\u0131nda Buenos Aires&#039;te farkl\u0131 m\u00fczik ve dans t\u00fcrlerinin bir sentezi olarak do\u011fmu\u015f, sosyal bir dans ve m\u00fczik t\u00fcr\u00fcd\u00fcr.<\/span><\/p>\n<p class=\"p1\"><span style=\"font-size: 110%;\">M\u00fczikal olarak Tango, Vals, Milonga, Tango Milonga, <a href=\"https:\/\/en.wikipedia.org\/wiki\/Neotango\" target=\"_blank\" rel=\"noopener\">Elektronik Tangolar<\/a>.<\/span><\/p>\n<p class=\"p1\"><span style=\"font-size: 110%;\">Tango, Waltz, Milonga, Nuevo Tango, bu dans\u0131n m\u00fczikal unsurlar\u0131 ile \u00f6\u011fretilmektedir. <a href=\"https:\/\/tangopera.com\/#:~:text=Dance%20Teacher%20Diploma-,OUR%20COURSES,-Regular%20Group%20Tango\">Arjantin Tango dersleri<\/a>.<\/span><\/p>\n<p class=\"p1\">*<a href=\"https:\/\/en.wikipedia.org\/wiki\/Social_dance\" target=\"_blank\" rel=\"noopener\">Sosyal danslar<\/a>, ortak bir dil konu\u015fmak gibi, ayn\u0131 dans\u0131 bilen insanlar\u0131n d\u00fcnyan\u0131n bir\u00e7ok yerinde birbirlerini ilk kez g\u00f6rseler bile uyum i\u00e7inde dans edip dans edebildikleri danslard\u0131r.<\/p>\n<p>&nbsp;<\/p>\n<h2 class=\"p1\"><span style=\"font-size: 75%;\"><strong>Arjantin Tangosu neden rakipsizdir? \u2665\u00a0<\/strong><\/span><\/h2>\n<h3><span style=\"font-size: 90%;\">\u00c7\u00fcnk\u00fc arad\u0131\u011f\u0131n\u0131z her \u015fey Arjantin Tangosu&#039;nda.<\/span><\/h3>\n<p>Arjantin Tangosu: Tutkulu, dokunakl\u0131 ve k\u0131\u015fk\u0131rt\u0131c\u0131; Tango bir\u00e7ok insan i\u00e7in farkl\u0131 \u015feyler ifade eder. Bir dans\u00e7\u0131n\u0131n o anki ruh haline ba\u011fl\u0131 olarak Avrupa ve d\u00fcnya tarzlar\u0131 aras\u0131ndan se\u00e7ebilece\u011fi pek \u00e7ok dans vard\u0131r \u2013 Vals&#039;in romantizmi, Rock n&#039; Roll&#039;un dinamizmi veya Samba&#039;n\u0131n karnaval benzeri atmosferi. Melankolik bir dans olarak \u00fcn\u00fcne ra\u011fmen, Tango asl\u0131nda t\u00fcm bu duygular\u0131 ve daha fazlas\u0131n\u0131 b\u00fcnyesinde bar\u0131nd\u0131r\u0131yor. Tango, gecekondulardaki ya\u015fam deneyiminden do\u011fmu\u015ftur. <a href=\"https:\/\/en.wikipedia.org\/wiki\/Buenos_Aires\" target=\"_blank\" rel=\"noopener\">Buenos Aires<\/a>, m\u00fctevazi g\u00fcnlerini geride b\u0131rak\u0131p Paris&#039;in sosyete mekanlar\u0131na y\u00fckseldi, ancak Tango&#039;ya hayat verenlerin g\u00f6z\u00fcnde gecekondu barlar\u0131 ger\u00e7ek evi olmaya devam etti. Ve her zaman farkl\u0131l\u0131\u011f\u0131n\u0131 korumu\u015ftur.<\/p>\n<p>&nbsp;<\/p>\n<figure id=\"attachment_475\" aria-describedby=\"caption-attachment-475\" style=\"width: 602px\" class=\"wp-caption alignnone\"><img loading=\"lazy\" decoding=\"async\" class=\"size-medium wp-image-475\" src=\"https:\/\/tangopera.com\/wp-content\/uploads\/2022\/02\/Tango-Show-Tangopera-1-602x400.jpg\" alt=\"Argentine Tango - Tango Dance Show \" width=\"602\" height=\"400\" srcset=\"https:\/\/tangopera.com\/wp-content\/uploads\/2022\/02\/Tango-Show-Tangopera-1-602x400.jpg 602w, https:\/\/tangopera.com\/wp-content\/uploads\/2022\/02\/Tango-Show-Tangopera-1-768x510.jpg 768w, https:\/\/tangopera.com\/wp-content\/uploads\/2022\/02\/Tango-Show-Tangopera-1-18x12.jpg 18w, https:\/\/tangopera.com\/wp-content\/uploads\/2022\/02\/Tango-Show-Tangopera-1.jpg 900w\" sizes=\"auto, (max-width: 602px) 100vw, 602px\" \/><figcaption id=\"caption-attachment-475\" class=\"wp-caption-text\">Milonga gecesinde Arjantin Tango \/ Tango dans g\u00f6sterisi.<\/figcaption><\/figure>\n<p>&nbsp;<\/p>\n<h1><span style=\"font-size: 75%;\">Arjantin Tango Dans Geceleri \u2013 <a href=\"https:\/\/tr.wikipedia.org\/wiki\/Milonga\" target=\"_blank\" rel=\"noopener\">M\u0130LONGA<\/a><\/span><\/h1>\n<p>Milonga nedir?<\/p>\n<p>Milonga, hem Arjantin tango dans gecelerine verilen isim hem de tangonun h\u0131zl\u0131 ve e\u011flenceli bir \u015feklidir.<\/p>\n<p>\u0130stanbul&#039;da bir haftada 30&#039;a yak\u0131n Milonga d\u00fczenleniyor. T\u00fcrkiye&#039;de bu say\u0131 45&#039;e yakla\u015f\u0131yor.<\/p>\n<p>Milonga dans pistinde trafik var, insanlar daireler \u00e7izerek dans ediyor ve pistin ortas\u0131 bo\u015f b\u0131rak\u0131l\u0131yor.<\/p>\n<p>Erkek ve kad\u0131n zannedildi\u011fi gibi kendi fig\u00fcrlerini ezberlemez ve ger\u00e7ekle\u015ftirmezler. Her ad\u0131mdan sonra yeni bir ad\u0131m tasarlan\u0131r ve \u00e7iftler asl\u0131nda kendi kombinasyonlar\u0131n\u0131 \u00fcretirler. \u015eov tangosunu ayr\u0131 bir yere koyarsak, sosyal tangoda kimse bir sonraki ad\u0131m\u0131 bilemez \u00e7\u00fcnk\u00fc her \u015fey kendili\u011findendir.<\/p>\n<p>T\u00fcrkiye&#039;de hemen hemen t\u00fcm tango geceleri ve milongalar dans okullar\u0131 veya e\u011fitmenler taraf\u0131ndan d\u00fczenlenmektedir. Tangocular\u0131n dengelerini kaybetmemek i\u00e7in \u00e7ok fazla i\u00e7melerine gerek yok, bu nedenle milongalar\u0131n giri\u015f \u00fccretleri buna g\u00f6re ayarlan\u0131yor ve fiyatlar makul.<\/p>\n<p>*H\u00fcrriyet Gazetesi&#039;nden Tango gecelerimizle ilgili bir al\u0131nt\u0131...<\/p>\n<p>&nbsp;<\/p>\n<h2><span style=\"font-size: 75%;\">Tango gecelerimiz \u2013 Milonga<\/span><\/h2>\n<p>Tango gecelerimizin ad\u0131 Milonga PERA.<\/p>\n<p>2001 y\u0131l\u0131ndan beri farkl\u0131 milonga gecelerimiz oldu. Ge\u00e7ti\u011fimiz 15 y\u0131l boyunca \u0130stanbul&#039;daki ana ve \u00fcnl\u00fc tango gecemiz Milonga Hayal&#039;di.<\/p>\n<p>\u015eimdi Cuma g\u00fcnleri Lviv \/ Ukrayna&#039;da MILONGA PERA&#039;y\u0131 d\u00fczenliyoruz.<\/p>\n<p>&nbsp;<\/p>\n<figure id=\"attachment_304\" aria-describedby=\"caption-attachment-304\" style=\"width: 291px\" class=\"wp-caption alignnone\"><img loading=\"lazy\" decoding=\"async\" class=\"wp-image-304\" src=\"https:\/\/tangopera.com\/wp-content\/uploads\/2022\/02\/Logo_White_And_Black_Red_Background-533x400.png\" alt=\"Kerem Elena Tango - red-logo\" width=\"291\" height=\"219\" srcset=\"https:\/\/tangopera.com\/wp-content\/uploads\/2022\/02\/Logo_White_And_Black_Red_Background-533x400.png 533w, https:\/\/tangopera.com\/wp-content\/uploads\/2022\/02\/Logo_White_And_Black_Red_Background-1067x800.png 1067w, https:\/\/tangopera.com\/wp-content\/uploads\/2022\/02\/Logo_White_And_Black_Red_Background-768x576.png 768w, https:\/\/tangopera.com\/wp-content\/uploads\/2022\/02\/Logo_White_And_Black_Red_Background-1536x1152.png 1536w, https:\/\/tangopera.com\/wp-content\/uploads\/2022\/02\/Logo_White_And_Black_Red_Background-510x383.png 510w, https:\/\/tangopera.com\/wp-content\/uploads\/2022\/02\/Logo_White_And_Black_Red_Background.png 2000w\" sizes=\"auto, (max-width: 291px) 100vw, 291px\" \/><figcaption id=\"caption-attachment-304\" class=\"wp-caption-text\">Kerem Elena Tango \u2013 Arjantin Tango Akademisi<\/figcaption><\/figure>\n<p>Arjantin Tango: tango dersleri, tango semineri, tango dans koreografisi, tango g\u00f6sterisi, tango m\u00fczi\u011fi, tango Dj&#039;ing, tango etkinlikleri tango hakk\u0131nda her \u015fey.<\/p>\n<p>Kerem Elena Tango.\u00a0 <a href=\"https:\/\/tangopera.com\/\">tangopera.com<\/a><\/p>","protected":false},"excerpt":{"rendered":"<p>Arjantin Tangosu : Arjantin Tangosu, 19. y\u00fczy\u0131l\u0131n ikinci yar\u0131s\u0131nda Buenos Aires&#039;te farkl\u0131 m\u00fczik ve dans t\u00fcrlerinin sentezi olarak do\u011fmu\u015f bir sosyal dans ve m\u00fczik t\u00fcr\u00fcd\u00fcr. M\u00fczikal olarak Tango, Vals, Milonga, Tango Milonga, Elektronik Tangolara ayr\u0131lm\u0131\u015ft\u0131r. Tango, Vals, Milonga, Nuevo Tango, [\u2026]","protected":false},"author":1,"featured_media":0,"parent":0,"menu_order":0,"comment_status":"closed","ping_status":"closed","template":"","meta":{"footnotes":""},"class_list":["post-480","page","type-page","status-publish","hentry"],"_links":{"self":[{"href":"https:\/\/tangopera.com\/tr\/wp-json\/wp\/v2\/pages\/480","targetHints":{"allow":["GET"]}}],"collection":[{"href":"https:\/\/tangopera.com\/tr\/wp-json\/wp\/v2\/pages"}],"about":[{"href":"https:\/\/tangopera.com\/tr\/wp-json\/wp\/v2\/types\/page"}],"author":[{"embeddable":true,"href":"https:\/\/tangopera.com\/tr\/wp-json\/wp\/v2\/users\/1"}],"replies":[{"embeddable":true,"href":"https:\/\/tangopera.com\/tr\/wp-json\/wp\/v2\/comments?post=480"}],"version-history":[{"count":9,"href":"https:\/\/tangopera.com\/tr\/wp-json\/wp\/v2\/pages\/480\/revisions"}],"predecessor-version":[{"id":529,"href":"https:\/\/tangopera.com\/tr\/wp-json\/wp\/v2\/pages\/480\/revisions\/529"}],"wp:attachment":[{"href":"https:\/\/tangopera.com\/tr\/wp-json\/wp\/v2\/media?parent=480"}],"curies":[{"name":"wp","href":"https:\/\/api.w.org\/{rel}","templated":true}]}}