{"id":630,"date":"2023-05-11T21:18:20","date_gmt":"2023-05-11T21:18:20","guid":{"rendered":"https:\/\/tangopera.com\/?page_id=630"},"modified":"2023-07-24T14:02:25","modified_gmt":"2023-07-24T14:02:25","slug":"about-us","status":"publish","type":"page","link":"https:\/\/tangopera.com\/es\/about-us\/","title":{"rendered":"Sobre nosotros"},"content":{"rendered":"<div class=\"row align-middle\"  id=\"row-757940375\">\n\n\t<div class=\"col medium-6 small-12 large-6\"  >\n\t\t<div class=\"col-inner\"  >\n\t\t\t\n\t\t\t\n<h3><span style=\"font-size: 75%; color: #282828; background-color: #d9d9d9;\"><b>TANGOPERA is one of the studio brand of I. Kerem \u00d6ks\u00fcz<\/b><\/span><\/h3>\n<p><span style=\"font-size: 75%; color: #282828;\"><b>ELENA OKSUZ &#8211; (Elena Maykhrych)<\/b><\/span><br \/>\n<span style=\"font-size: 75%; color: #282828;\">Instructor &#8211; Dancer &#8211; Designer<\/span><\/p>\n<p><span style=\"font-size: 75%;\">Elena Oksuz is an awarded animation and illustration designer with a master&#8217;s degree in art and design from Lviv Polytechnic University.\u00a0 <\/span><\/p>\n<p><span style=\"font-size: 75%;\">She has more than 13 awards from Europe and America in the field of animation and illustration.<\/span><\/p>\n<p><span style=\"font-size: 75%;\"><strong>In the field of Argentine Tango:<\/strong><br \/>\n*Argentine tango Instructor diploma from the Ministry of National Education of the Republic of Turkey.<\/span><\/p>\n<p><span style=\"font-size: 75%;\">*Contest award:\u00a0<\/span><span style=\"font-size: 75%;\"> IFAT (International Federation of Arg. Tango) FB Fest. <\/span><br \/>\n<span style=\"font-size: 75%;\">TANGO WORLD CUP 2018\u00a0<\/span><\/p>\n<p>&nbsp;<\/p>\n<p class=\"p2\"><span style=\"font-size: 75%; color: #282828;\"><b>ILKER KEREM OKSUZ<\/b><\/span><br \/>\n<span style=\"font-size: 75%; color: #282828;\">Founder &#8211; Instructor:<\/span><br \/>\n<span style=\"font-size: 75%;\">Tangopera Studios &#8211; Istanbul since1998, <\/span><br \/>\n<span style=\"font-size: 75%;\">Danspera &#8211; Istanbul since 2011\u00a0 and\u00a0 Kerem Elena Champions Dance AC &#8211; Lviv 2020.<\/span><\/p>\n<p class=\"p2\"><span style=\"color: #282828;\">***<\/span><br \/>\n<span style=\"font-size: 75%;\">If you are in tango long time, I am sure that you heard about Turkish tango community. <\/span><br \/>\n<span style=\"font-size: 75%;\">They says that it is one of the biggest tango community and dance level, after B.A.<\/span><span style=\"font-size: 75%;\"><b><br \/>\n<span style=\"color: #282828;\">Mr. Oksuz, <\/span><\/b><\/span><br \/>\n<span style=\"font-size: 75%;\">among the first tango teachers in Turkey and one of the creators of the Turkish tango community.<span class=\"Apple-converted-space\">\u00a0<\/span><\/span><\/p>\n<p><span style=\"font-size: 75%;\"><span class=\"s1\" style=\"color: #282828;\">*<\/span><span class=\"s2\"><span style=\"color: #282828;\">Main speciality<\/span> : Argentine Tango as Instructor, Referee, Choreographer, Performer (dancer,\u00a0 singer), Organizer, TangoDJ <\/span><\/span><br \/>\n<span class=\"s2\" style=\"font-size: 75%;\"><span style=\"color: #282828;\">*Subspecialties :<\/span> Social latin dances, world dances as instructor and choreographer\u00a0\u00a0<\/span><br \/>\n<span class=\"s2\" style=\"font-size: 75%;\">(<span style=\"color: #282828;\">During his carrier,<\/span> he worked as a teacher and choreographer in many different universities, colleges, companies, tv channels and festival organizations. <\/span><span class=\"s2\" style=\"font-size: 75%;\">He prepared dance choreographies in tango, social latin dances and world dance styles.)<\/span><\/p>\n<p><span style=\"font-size: 75%; color: #282828;\"><b><i><span class=\"Apple-converted-space\">\u00a0<\/span>\u00a0 \u00a0 \u00a0 \u00a0 \u00a0Certificados \u2013 Diplomas<\/i><\/b><\/span><br \/>\n<span class=\"s2\" style=\"font-size: 75%;\"><b>UNESCO &#8211; CID, International Dance Council <\/b>&#8211;<\/span><br \/>\n<span class=\"s2\" style=\"font-size: 75%;\">\u00a0 \u00a0 \u00a0 \u00a0 \u00a0 Membership Certificate as Ilker Kerem Oksuz <\/span><br \/>\n<span style=\"font-size: 75%;\"><span class=\"s2\">\u00a0 \u00a0 \u00a0 \u00a0 \u00a0 Membership Certificate\u00a0 as Kerem &amp; Elena Champions Dance Academy\u00a0 <\/span><\/span><br \/>\n<span class=\"s2\" style=\"font-size: 75%;\"><b>IDO, International Dance Organization, U.K. <\/b>&#8211;<\/span><br \/>\n<span style=\"font-size: 75%;\"><span class=\"s2\">\u00a0 \u00a0 \u00a0 \u00a0 \u00a0 \u00a0Argentine Tango, Professional\u00a0 Teacher of Dancing Certificate<\/span><\/span><br \/>\n<span class=\"s2\" style=\"font-size: 75%;\"><b>TDSF, Turkish Dance Sports Federation, Turkey <\/b><\/span><br \/>\n<span style=\"font-size: 75%;\"><span class=\"s2\">\u00a0 \u00a0 \u00a0 \u00a0 \u00a0 \u00a0Argentine Tango Dance Coaching\u00a0 Certificate <\/span><\/span><br \/>\n<span style=\"font-size: 75%;\"><span class=\"s2\">\u00a0 \u00a0 \u00a0 \u00a0 \u00a0 \u00a0Salsa Social Latin Dances Coaching Certificate<\/span><\/span><br \/>\n<span style=\"font-size: 75%;\"><span class=\"s2\">\u00a0 \u00a0 \u00a0 \u00a0 \u00a0 \u00a0Salsa &#8211; Social Latin Dances Referee Diploma<\/span><\/span><br \/>\n<span style=\"font-size: 75%;\"><span class=\"s2\">\u00a0 \u00a0 \u00a0 \u00a0 \u00a0 \u00a0Argentine Tango &#8211; Social Standard Dances Referee Diploma<\/span><\/span><br \/>\n<span style=\"font-size: 75%;\"><span class=\"s2\"><b>T.R. Ministry of National Education, Turkey\u00a0 <\/b><\/span><\/span><br \/>\n<span style=\"font-size: 75%;\"><span class=\"s2\"> \u00a0 \u00a0 \u00a0 \u00a0 Social Latin Dances Certificate<\/span><\/span><br \/>\n<span class=\"s2\" style=\"font-size: 75%;\"><b>Leadership School Education Inc. &#8211; <\/b>International Association for Coaching\u00ae (AC)<\/span><br \/>\n<span style=\"font-size: 75%;\"><span class=\"s2\">\u00a0 \u00a0 \u00a0 \u00a0 \u00a0Professional Life Coaching Certificate <\/span><\/span><br \/>\n<span style=\"font-size: 75%;\"><span class=\"s2\">\u00a0 \u00a0 \u00a0 \u00a0 \u00a0Psychology Specialization Certificate<\/span><\/span><br \/>\n<span style=\"font-size: 75%;\"><span class=\"s2\">\u00a0 \u00a0 \u00a0 \u00a0 \u00a0NLP Practitioner Certificate<\/span><\/span><\/p>\n<p><span style=\"font-size: 75%; color: #282828;\"><b><span class=\"Apple-converted-space\">\u00a0 \u00a0 \u00a0 \u00a0 \u00a0 \u00a0<\/span>Organization member<\/b>:<\/span><br \/>\n<span style=\"font-size: 75%;\">CID, International Dance Council, UNESCO <\/span><br \/>\n<span style=\"font-size: 75%;\">IDO, International Dance Organization<\/span><br \/>\n<span style=\"font-size: 75%;\">TDSF, Turkish Dance Sports Federation and Comities: <\/span><br \/>\n<span style=\"font-size: 75%;\"><span class=\"Apple-converted-space\">\u00a0 \u00a0 \u00a0 \u00a0 \u00a0 <\/span>Argentine tango Referee Committee &#8211; 2 terms.<\/span><br \/>\n<span style=\"font-size: 75%;\"><span class=\"Apple-converted-space\">\u00a0 \u00a0 \u00a0 \u00a0 \u00a0 <\/span>Argentine Tango Technical Committee &#8211; 3 terms.<\/span><br \/>\n<span style=\"font-size: 75%;\">TEO (Argentine Tango Instructors and Organizers Association) management board member.<\/span><\/p>\n<p><span style=\"font-size: 75%; color: #282828;\"><b><i><span class=\"Apple-converted-space\">\u00a0 \u00a0 \u00a0 \u00a0<\/span> Contest Awards<\/i><\/b><\/span><br \/>\n<span style=\"font-size: 75%;\">IFAT (International Federation of Arg. Tango) FB Fest. <\/span><br \/>\n<span style=\"font-size: 75%;\">TANGO WORLD CUP 2018\u00a0<\/span><\/p>\n\t\t<\/div>\n\t<\/div>\n\n\t\n\n\t<div class=\"col medium-6 small-12 large-6\"  >\n\t\t<div class=\"col-inner\"  >\n\t\t\t\n\t\t\t\n\t<div class=\"img has-hover x md-x lg-x y md-y lg-y\" id=\"image_1914679505\">\n\t\t\t\t\t\t\t\t<div class=\"img-inner image-cover box-shadow-2 dark\" style=\"padding-top:159%;margin:0px 0px 100px 0px;\">\n\t\t\t<img loading=\"lazy\" decoding=\"async\" width=\"1020\" height=\"732\" src=\"https:\/\/tangopera.com\/wp-content\/uploads\/2022\/02\/TANGO_BOCA-Guide-2022-1-1115x800.jpg\" class=\"attachment-large size-large\" alt=\"\" srcset=\"https:\/\/tangopera.com\/wp-content\/uploads\/2022\/02\/TANGO_BOCA-Guide-2022-1-1115x800.jpg 1115w, https:\/\/tangopera.com\/wp-content\/uploads\/2022\/02\/TANGO_BOCA-Guide-2022-1-557x400.jpg 557w, https:\/\/tangopera.com\/wp-content\/uploads\/2022\/02\/TANGO_BOCA-Guide-2022-1-768x551.jpg 768w, https:\/\/tangopera.com\/wp-content\/uploads\/2022\/02\/TANGO_BOCA-Guide-2022-1-1536x1102.jpg 1536w, https:\/\/tangopera.com\/wp-content\/uploads\/2022\/02\/TANGO_BOCA-Guide-2022-1-510x366.jpg 510w, https:\/\/tangopera.com\/wp-content\/uploads\/2022\/02\/TANGO_BOCA-Guide-2022-1.jpg 1880w\" sizes=\"auto, (max-width: 1020px) 100vw, 1020px\" \/>\t\t\t\t\t\t\n\t\t\t\t\t<\/div>\n\t\t\t\t\t\t\t\t\n<style scope=\"scope\">\n\n#image_1914679505 {\n  width: 100%;\n}\n<\/style>\n\t<\/div>\n\t\n\t\t<\/div>\n\t<\/div>\n\n\t\n\n<style scope=\"scope\">\n\n<\/style>\n<\/div>\n<h2 style=\"text-align: center;\"><span style=\"font-size: 75%; background-color: #d9d9d9;\"><strong>\u00a0 \u00a0 \u00a0 \u00a0Some interviews and comments of \u0130lker Kerem \u00d6ks\u00fcz\u00a0 \u00a0 \u00a0 \u00a0<\/strong><\/span><\/h2>\n<div class=\"row align-equal align-center row-box-shadow-2 row-box-shadow-5-hover\"  id=\"row-184900710\">\n\n\t<div class=\"col medium-4 small-12 large-4\"  >\n\t\t<div class=\"col-inner\"  >\n\t\t\t\n\t\t\t\n  <div class=\"icon-box testimonial-box icon-box-center text-center\">\n                <div class=\"icon-box-img testimonial-image circle\" style=\"width: 121px\">\n                      <\/div>\n                <div class=\"icon-box-text p-last-0\">\n          <div class=\"star-rating\"><span style=\"width:100%\"><strong class=\"rating\"><\/strong><\/span><\/div>  \t\t\t\t<div class=\"testimonial-text line-height-small italic test_text first-reset last-reset is-italic\">\n            \n<p>&#8230;.I already missed Kerem,&#8230;<br \/>\nHe became a loyal and understanding friend, with depth, humor, and character.<br \/>\nHe also symbolized the exotic fusion of Turkish culture and Argentine Tango.<\/p>\n          <\/div>\n          <div class=\"testimonial-meta pt-half\">\n             <strong class=\"testimonial-name test_name\">Commentary and Interview of Ilker Kerem Oksuz<\/strong>\n             <span class=\"testimonial-name-divider\"> \/ <\/span>             <span class=\"testimonial-company test_company\">Author: Dr. Roberta E. Zlokower - August, 2003<\/span>\n          <\/div>\n        <\/div>\n  <\/div>\n\n  \n<a rel=\"noopener noreferrer\" href=\"https:\/\/www.exploredance.com\/article.htm?id=1585\" target=\"_blank\" class=\"button primary is-link lowercase\" style=\"padding:0px 0px 0px 8px;\">\n    <span>ExploreDance.com - Web magazine - USA<\/span>\n  <\/a>\n\n\t\t<\/div>\n\t<\/div>\n\n\t\n\n\t<div class=\"col medium-4 small-12 large-4\"  >\n\t\t<div class=\"col-inner\"  >\n\t\t\t\n\t\t\t\n  <div class=\"icon-box testimonial-box icon-box-center text-center\">\n                <div class=\"icon-box-img testimonial-image circle\" style=\"width: 121px\">\n                      <\/div>\n                <div class=\"icon-box-text p-last-0\">\n          <div class=\"star-rating\"><span style=\"width:100%\"><strong class=\"rating\"><\/strong><\/span><\/div>  \t\t\t\t<div class=\"testimonial-text line-height-small italic test_text first-reset last-reset is-italic\">\n            \n<p>Kerem \u00d6ks\u00fcz, who has spent 15 years with tango, is one of the oldest well-known Argentine Tango instructors in Turkey and is still the founder and director of Dans Pera and Tango Pera schools, as well as giving professional support to many companies today and training many amateur and professional dancers for our country&#8230;..<\/p>\n          <\/div>\n          <div class=\"testimonial-meta pt-half\">\n             <strong class=\"testimonial-name test_name\">Commentary and Interview of Ilker Kerem Oksuz<\/strong>\n             <span class=\"testimonial-name-divider\"> \/ <\/span>             <span class=\"testimonial-company test_company\">Author: P\u0131nar Ulus March, 2014<\/span>\n          <\/div>\n        <\/div>\n  <\/div>\n\n  \n<a href=\"https:\/\/www.uplifers.com\/dans-ile-harmanlanmis-15-yil-kerem-oksuz-danspera-ve-tangopera\/\" target=\"_self\" class=\"button primary is-link lowercase\" style=\"padding:0px 0px 0px 10px;\" rel=\"noopener\">\n    <span>Uplifers.com \/ Art-Culture Magazine - TR<\/span>\n  <\/a>\n\n\t\t<\/div>\n\t<\/div>\n\n\t\n\n<style scope=\"scope\">\n\n#row-184900710 > .col > .col-inner {\n  padding: 30px 30px 30px 30px;\n}\n<\/style>\n<\/div>\n\t<section class=\"section\" id=\"section_1663713132\">\n\t\t<div class=\"bg section-bg fill bg-fill  bg-loaded\" >\n\n\t\t\t\n\t\t\t\n\t\t\t\n\n\t\t<\/div>\n\n\t\t<div class=\"section-content relative\">\n\t\t\t\n<h2 style=\"text-align: center;\"><span style=\"font-size: 75%;\"><strong><span style=\"color: #ed1c24;\">20 years of dance adventure Kerem \u00d6ks\u00fcz <\/span><\/strong><\/span><br \/>\n<span style=\"font-size: 75%;\"><strong><span style=\"color: #ed1c24;\"> Kanyoning Magazine &#8211; TR \/ January 2019<\/span><\/strong><\/span><\/h2>\n<div class=\"row align-middle align-center\"  id=\"row-7055444\">\n\n\t<div class=\"col medium-7 large-7\"  data-animate=\"fadeInUp\">\n\t\t<div class=\"col-inner text-center\"  >\n\t\t\t\n\t\t\t\n\t<div class=\"img has-hover x md-x lg-x y md-y lg-y\" id=\"image_1409315968\">\n\t\t\t\t\t\t\t\t<div class=\"img-inner box-shadow-3 dark\" style=\"margin:0px 0px 0px 0px;\">\n\t\t\t<img loading=\"lazy\" decoding=\"async\" width=\"1020\" height=\"660\" src=\"https:\/\/tangopera.com\/wp-content\/uploads\/2023\/05\/Kanyoning-Turkiye-Dergi-Kerem-Oksuz-1237x800.jpg\" class=\"attachment-large size-large\" alt=\"\" srcset=\"https:\/\/tangopera.com\/wp-content\/uploads\/2023\/05\/Kanyoning-Turkiye-Dergi-Kerem-Oksuz-1237x800.jpg 1237w, https:\/\/tangopera.com\/wp-content\/uploads\/2023\/05\/Kanyoning-Turkiye-Dergi-Kerem-Oksuz-619x400.jpg 619w, https:\/\/tangopera.com\/wp-content\/uploads\/2023\/05\/Kanyoning-Turkiye-Dergi-Kerem-Oksuz-768x497.jpg 768w, https:\/\/tangopera.com\/wp-content\/uploads\/2023\/05\/Kanyoning-Turkiye-Dergi-Kerem-Oksuz-1536x993.jpg 1536w, https:\/\/tangopera.com\/wp-content\/uploads\/2023\/05\/Kanyoning-Turkiye-Dergi-Kerem-Oksuz-2048x1324.jpg 2048w, https:\/\/tangopera.com\/wp-content\/uploads\/2023\/05\/Kanyoning-Turkiye-Dergi-Kerem-Oksuz-18x12.jpg 18w\" sizes=\"auto, (max-width: 1020px) 100vw, 1020px\" \/>\t\t\t\t\t\t\n\t\t\t\t\t<\/div>\n\t\t\t\t\t\t\t\t\n<style scope=\"scope\">\n\n#image_1409315968 {\n  width: 100%;\n}\n<\/style>\n\t<\/div>\n\t\n\t\t<\/div>\n\t<\/div>\n\n\t\n\n\t<div class=\"col medium-4 large-4\"  >\n\t\t<div class=\"col-inner box-shadow-4\"  >\n\t\t\t\n\t\t\t\n\t<div class=\"img has-hover x md-x lg-x y md-y lg-y\" id=\"image_1198744709\">\n\t\t\t\t\t\t\t\t<div class=\"img-inner box-shadow-3 dark\" style=\"margin:0px 0px 0px 0px;\">\n\t\t\t<img loading=\"lazy\" decoding=\"async\" width=\"786\" height=\"800\" src=\"https:\/\/tangopera.com\/wp-content\/uploads\/2023\/05\/Kanyoning-Turkiye-Dergisi-Kerem-Oksuz-786x800.jpg\" class=\"attachment-large size-large\" alt=\"\" srcset=\"https:\/\/tangopera.com\/wp-content\/uploads\/2023\/05\/Kanyoning-Turkiye-Dergisi-Kerem-Oksuz-786x800.jpg 786w, https:\/\/tangopera.com\/wp-content\/uploads\/2023\/05\/Kanyoning-Turkiye-Dergisi-Kerem-Oksuz-393x400.jpg 393w, https:\/\/tangopera.com\/wp-content\/uploads\/2023\/05\/Kanyoning-Turkiye-Dergisi-Kerem-Oksuz-768x782.jpg 768w, https:\/\/tangopera.com\/wp-content\/uploads\/2023\/05\/Kanyoning-Turkiye-Dergisi-Kerem-Oksuz-1509x1536.jpg 1509w, https:\/\/tangopera.com\/wp-content\/uploads\/2023\/05\/Kanyoning-Turkiye-Dergisi-Kerem-Oksuz-12x12.jpg 12w, https:\/\/tangopera.com\/wp-content\/uploads\/2023\/05\/Kanyoning-Turkiye-Dergisi-Kerem-Oksuz.jpg 1926w\" sizes=\"auto, (max-width: 786px) 100vw, 786px\" \/>\t\t\t\t\t\t\n\t\t\t\t\t<\/div>\n\t\t\t\t\t\t\t\t\n<style scope=\"scope\">\n\n#image_1198744709 {\n  width: 100%;\n}\n<\/style>\n\t<\/div>\n\t\n\t\t<\/div>\n\t<\/div>\n\n\t\n\n<style scope=\"scope\">\n\n<\/style>\n<\/div>\n\t\t<\/div>\n\n\t\t\n<style scope=\"scope\">\n\n#section_1663713132 {\n  padding-top: 38px;\n  padding-bottom: 38px;\n  background-color: rgb(234, 234, 234);\n}\n<\/style>\n\t<\/section>\n\t\n\t<div id=\"gap-1828872596\" class=\"gap-element clearfix\" style=\"display:block; height:auto;\">\n\t\t\n<style scope=\"scope\">\n\n#gap-1828872596 {\n  padding-top: 30px;\n}\n<\/style>\n\t<\/div>\n\t\n\t<section class=\"section\" id=\"section_2145748546\">\n\t\t<div class=\"bg section-bg fill bg-fill  bg-loaded\" >\n\n\t\t\t\n\t\t\t<div class=\"section-bg-overlay absolute fill\"><\/div>\n\t\t\t\n\n\t\t<\/div>\n\n\t\t<div class=\"section-content relative\">\n\t\t\t\n<h2 style=\"text-align: center;\"><span style=\"font-size: 75%; color: #ed1c24;\">Interview of Ilker Kerem Oksuz<\/span><br \/>\n<span style=\"font-size: 75%; color: #ed1c24;\">The Tango Times Magazine &#8211; USA \/ Autumn 2003<\/span><\/h2>\n<div class=\"row align-bottom align-center row-box-shadow-4\"  id=\"row-1697328398\">\n\n\t<div class=\"col medium-5 large-5\"  >\n\t\t<div class=\"col-inner\"  >\n\t\t\t\n\t\t\t\n\t<div class=\"img has-hover x md-x lg-x y md-y lg-y\" id=\"image_1629059908\">\n\t\t\t\t\t\t\t\t<div class=\"img-inner box-shadow-3 dark\" style=\"margin:0px 0px 0px -px;\">\n\t\t\t<img loading=\"lazy\" decoding=\"async\" width=\"570\" height=\"800\" src=\"https:\/\/tangopera.com\/wp-content\/uploads\/2023\/05\/The-Tango-Times-Magazine-570x800.jpg\" class=\"attachment-large size-large\" alt=\"\" srcset=\"https:\/\/tangopera.com\/wp-content\/uploads\/2023\/05\/The-Tango-Times-Magazine-570x800.jpg 570w, https:\/\/tangopera.com\/wp-content\/uploads\/2023\/05\/The-Tango-Times-Magazine-285x400.jpg 285w, https:\/\/tangopera.com\/wp-content\/uploads\/2023\/05\/The-Tango-Times-Magazine-768x1077.jpg 768w, https:\/\/tangopera.com\/wp-content\/uploads\/2023\/05\/The-Tango-Times-Magazine-1095x1536.jpg 1095w, https:\/\/tangopera.com\/wp-content\/uploads\/2023\/05\/The-Tango-Times-Magazine-1460x2048.jpg 1460w, https:\/\/tangopera.com\/wp-content\/uploads\/2023\/05\/The-Tango-Times-Magazine-9x12.jpg 9w, https:\/\/tangopera.com\/wp-content\/uploads\/2023\/05\/The-Tango-Times-Magazine-scaled.jpg 1825w\" sizes=\"auto, (max-width: 570px) 100vw, 570px\" \/>\t\t\t\t\t\t\n\t\t\t\t\t<\/div>\n\t\t\t\t\t\t\t\t\n<style scope=\"scope\">\n\n#image_1629059908 {\n  width: 100%;\n}\n<\/style>\n\t<\/div>\n\t\n\t\t<\/div>\n\t<\/div>\n\n\t\n\n\t<div class=\"col medium-5 large-5\"  >\n\t\t<div class=\"col-inner\"  >\n\t\t\t\n\t\t\t\n\t<div class=\"img has-hover x md-x lg-x y md-y lg-y\" id=\"image_1874055946\">\n\t\t\t\t\t\t\t\t<div class=\"img-inner box-shadow-3 dark\" style=\"margin:0px 0px 0px 12px;\">\n\t\t\t<img loading=\"lazy\" decoding=\"async\" width=\"553\" height=\"800\" src=\"https:\/\/tangopera.com\/wp-content\/uploads\/2023\/05\/The-Tango-Times-Magazine-Interview-of-Kerem-Oksuz-553x800.jpg\" class=\"attachment-large size-large\" alt=\"\" srcset=\"https:\/\/tangopera.com\/wp-content\/uploads\/2023\/05\/The-Tango-Times-Magazine-Interview-of-Kerem-Oksuz-553x800.jpg 553w, https:\/\/tangopera.com\/wp-content\/uploads\/2023\/05\/The-Tango-Times-Magazine-Interview-of-Kerem-Oksuz-276x400.jpg 276w, https:\/\/tangopera.com\/wp-content\/uploads\/2023\/05\/The-Tango-Times-Magazine-Interview-of-Kerem-Oksuz-768x1112.jpg 768w, https:\/\/tangopera.com\/wp-content\/uploads\/2023\/05\/The-Tango-Times-Magazine-Interview-of-Kerem-Oksuz-1061x1536.jpg 1061w, https:\/\/tangopera.com\/wp-content\/uploads\/2023\/05\/The-Tango-Times-Magazine-Interview-of-Kerem-Oksuz-1415x2048.jpg 1415w, https:\/\/tangopera.com\/wp-content\/uploads\/2023\/05\/The-Tango-Times-Magazine-Interview-of-Kerem-Oksuz-8x12.jpg 8w, https:\/\/tangopera.com\/wp-content\/uploads\/2023\/05\/The-Tango-Times-Magazine-Interview-of-Kerem-Oksuz-scaled.jpg 1768w\" sizes=\"auto, (max-width: 553px) 100vw, 553px\" \/>\t\t\t\t\t\t\n\t\t\t\t\t<\/div>\n\t\t\t\t\t\t\t\t\n<style scope=\"scope\">\n\n#image_1874055946 {\n  width: 100%;\n}\n<\/style>\n\t<\/div>\n\t\n\t\t<\/div>\n\t<\/div>\n\n\t\n\n<style scope=\"scope\">\n\n<\/style>\n<\/div>\n\t\t<\/div>\n\n\t\t\n<style scope=\"scope\">\n\n#section_2145748546 {\n  padding-top: 30px;\n  padding-bottom: 30px;\n}\n#section_2145748546 .section-bg-overlay {\n  background-color: rgb(243, 243, 243);\n}\n<\/style>\n\t<\/section>\n\t\n<h5><\/h5>\n<h5 style=\"text-align: center;\"><span style=\"font-size: 85%;\">More information and business links:<\/span><br \/>\n<span class=\"fancy-underline\" style=\"font-size: 85%;\"> \u00a0<span style=\"color: #ed1c24;\"><a style=\"color: #ed1c24;\" href=\"https:\/\/www.linkedin.com\/in\/ilkerkeremoksuz\/\" target=\"_blank\" rel=\"noopener\">LINKEDIN.com \/ ilker kerem oksuz\u00a0\u00a0<\/a><\/span><\/span><\/h5>","protected":false},"excerpt":{"rendered":"<p>\u00a0 \u00a0 \u00a0 \u00a0Some interviews and comments of \u0130lker Kerem \u00d6ks\u00fcz\u00a0 \u00a0 \u00a0 \u00a0 More information and business links: \u00a0LINKEDIN.com \/ ilker kerem oksuz\u00a0\u00a0<\/p>","protected":false},"author":1,"featured_media":0,"parent":0,"menu_order":0,"comment_status":"closed","ping_status":"closed","template":"","meta":{"footnotes":""},"class_list":["post-630","page","type-page","status-publish","hentry"],"_links":{"self":[{"href":"https:\/\/tangopera.com\/es\/wp-json\/wp\/v2\/pages\/630","targetHints":{"allow":["GET"]}}],"collection":[{"href":"https:\/\/tangopera.com\/es\/wp-json\/wp\/v2\/pages"}],"about":[{"href":"https:\/\/tangopera.com\/es\/wp-json\/wp\/v2\/types\/page"}],"author":[{"embeddable":true,"href":"https:\/\/tangopera.com\/es\/wp-json\/wp\/v2\/users\/1"}],"replies":[{"embeddable":true,"href":"https:\/\/tangopera.com\/es\/wp-json\/wp\/v2\/comments?post=630"}],"version-history":[{"count":39,"href":"https:\/\/tangopera.com\/es\/wp-json\/wp\/v2\/pages\/630\/revisions"}],"predecessor-version":[{"id":750,"href":"https:\/\/tangopera.com\/es\/wp-json\/wp\/v2\/pages\/630\/revisions\/750"}],"wp:attachment":[{"href":"https:\/\/tangopera.com\/es\/wp-json\/wp\/v2\/media?parent=630"}],"curies":[{"name":"wp","href":"https:\/\/api.w.org\/{rel}","templated":true}]}}