{"id":505,"date":"2022-02-26T00:03:24","date_gmt":"2022-02-26T00:03:24","guid":{"rendered":"https:\/\/tangopera.com\/?page_id=505"},"modified":"2022-02-26T00:08:52","modified_gmt":"2022-02-26T00:08:52","slug":"tango-technique-1","status":"publish","type":"page","link":"https:\/\/tangopera.com\/es\/tango-technique-1\/","title":{"rendered":"T\u00e9cnica de tango 1"},"content":{"rendered":"<h1><span style=\"font-size: 100%;\">T\u00e9cnica de Tango<\/span><\/h1>\n<h2 class=\"p1\"><span style=\"font-size: 75%;\">T\u00e9cnica de Tango de Abrazo Abierto y Cerrado\u00a0<\/span><\/h2>\n<p class=\"p1\">Todos los estilos de Tango excepto Tango Nuevo y Fantas\u00eda se pueden hacer en bodega cerrada. Aunque los bailes de tango de estilo Hall y Orillero se pueden realizar en la bodega abierta, generalmente se realizan en la bodega cerrada en Buenos Aires y otras partes de Argentina. Los bailes de Tango estilo Milonguero y Club se realizan \u00fanicamente en la bodega cerrada. El Tango al estilo Milonguero tambi\u00e9n se ejecuta t\u00edpicamente en un agarre cerrado, y la distancia entre el hombro izquierdo de la mujer y el hombro derecho del hombre es la misma que entre el hombro derecho de la mujer y el hombro izquierdo del hombre. Algunas de las figuras descritas en la secci\u00f3n de Tango Nuevo pueden ejecutarse en el agarre cerrado en forma de &#039;V&#039; ligeramente trapezoidal que se usa en el Tango estilo Sal\u00f3n, Orillero y Club.<\/p>\n<h1 class=\"p1\"><span style=\"font-size: 75%;\">Tango<\/span><span style=\"font-size: 75%;\"> Abrazo y marco <\/span><span style=\"font-size: 75%;\">T\u00e9cnica de Tango<\/span><\/h1>\n<p class=\"p1\">T\u00e9cnica de Tango: Seg\u00fan algunos, la diferencia entre Milonguero y otros estilos de baile de Tango es que en el estilo Milonguero el marco est\u00e1 dentro de la dama, y en otros estilos el marco est\u00e1 en los brazos de ambos bailarines. Si el marco est\u00e1 en la dama o en los brazos depende en gran medida de la cercan\u00eda y suavidad del agarre. En un agarre firme y distante, el marco est\u00e1 en los brazos. A medida que el agarre se vuelve m\u00e1s cercano y suave, el marco se desliza dentro del cuerpo de la mujer en todos los estilos de Tango.<\/p>\n<h3 class=\"p1\"><span style=\"font-size: 75%;\">Ritmo Ric-Tic-Tic \u2013 <\/span><span style=\"font-size: 75%;\">Ritmo de tango<\/span><\/h3>\n<p class=\"p2\"><span class=\"Apple-converted-space\">T\u00e9cnica del tango: <\/span>El ritmo Ric-Tic-Tic es una forma de describir elementos r\u00edtmicos destacados en la m\u00fasica de tango interpretada por Juan D&#039;Arienzo, Rodolfo Biagi y muchos otros. Algunos argumentan que la m\u00fasica con ritmos ric-tic-tic est\u00e1 en la medida de 2\/4, mientras que los que no son de esta opini\u00f3n afirman que est\u00e1 en la medida de dos contra tres. Algunas orquestas tocaron m\u00fasica de tango de escala 2\/4 y le agregaron el ritmo sincopado de tres contra dos. Aunque otras orquestas tocan en escala 4\/4, agregaron el ritmo de dos contra tres a su m\u00fasica.<\/p>\n<p class=\"p2\"><span class=\"Apple-converted-space\">\u00a0<\/span>Los pasos del tango son a veces lentos, lentos; r\u00e1pido, r\u00e1pido, lento\u2026 Los pasos tambi\u00e9n se pueden describir como: lento, lento; r\u00e1pido, r\u00e1pido, r\u00e1pido o uno, dos; uno dos tres. Las secuencias de dos contra tres se realizan dos veces seguidas, que es aproximadamente uno, dos, tres; uno, dos, tres o r\u00e1pido, r\u00e1pido, r\u00e1pido; Se puede definir como r\u00e1pido, r\u00e1pido, r\u00e1pido: ser\u00e1 completamente r\u00edtmico y, de hecho, es una de las formas de baile m\u00e1s comunes en la m\u00fasica.<\/p>\n<p>&nbsp;<\/p>\n<figure id=\"attachment_472\" aria-describedby=\"caption-attachment-472\" style=\"width: 800px\" class=\"wp-caption alignnone\"><img loading=\"lazy\" decoding=\"async\" class=\"size-medium wp-image-472\" src=\"https:\/\/tangopera.com\/wp-content\/uploads\/2022\/02\/Tango-dersi-kursu-Tango-Lesson-800x329.jpg\" alt=\"Tango dersi kursu - Tango Lesson\" width=\"800\" height=\"329\" srcset=\"https:\/\/tangopera.com\/wp-content\/uploads\/2022\/02\/Tango-dersi-kursu-Tango-Lesson-800x329.jpg 800w, https:\/\/tangopera.com\/wp-content\/uploads\/2022\/02\/Tango-dersi-kursu-Tango-Lesson-1400x576.jpg 1400w, https:\/\/tangopera.com\/wp-content\/uploads\/2022\/02\/Tango-dersi-kursu-Tango-Lesson-768x316.jpg 768w, https:\/\/tangopera.com\/wp-content\/uploads\/2022\/02\/Tango-dersi-kursu-Tango-Lesson-1536x632.jpg 1536w, https:\/\/tangopera.com\/wp-content\/uploads\/2022\/02\/Tango-dersi-kursu-Tango-Lesson-18x7.jpg 18w, https:\/\/tangopera.com\/wp-content\/uploads\/2022\/02\/Tango-dersi-kursu-Tango-Lesson.jpg 1600w\" sizes=\"auto, (max-width: 800px) 100vw, 800px\" \/><figcaption id=\"caption-attachment-472\" class=\"wp-caption-text\"><span style=\"font-size: 100%;\">Tango Stil \u2013 T\u00e9cnica de Tango \u2013 Lecci\u00f3n de Tango \u2013 Show de Tango<\/span><\/figcaption><\/figure>\n<p>&nbsp;<\/p>\n<p><a href=\"https:\/\/tangopera.com\/argentine-tango\/\">tango argentino<\/a>: clases de tango, seminario de tango, coreograf\u00eda de baile de tango, show de tango,\u00a0<a href=\"https:\/\/open.spotify.com\/playlist\/3pGghUi1crPXbfPRt2HFcR?si=5fe7b99f51624c00\" target=\"_blank\" rel=\"noopener\">musica de tangos<\/a>,\u00a0<a href=\"https:\/\/open.spotify.com\/playlist\/4tbPUCMoluET9rztNAbTiz?si=f63d0f9db0f242b8\" target=\"_blank\" rel=\"noopener\">DJ de tango<\/a>, todo sobre el tango.<\/p>\n<p>Kerem Elena Tango.\u00a0\u00a0<a href=\"https:\/\/tangopera.com\/\">tangopera.com<\/a><\/p>","protected":false},"excerpt":{"rendered":"<p>T\u00e9cnica de Tango T\u00e9cnica de Tango de Abrazo Abierto y Cerrado Todos los estilos de Tango excepto Tango Nuevo y Fantas\u00eda se pueden ejecutar en la bodega cerrada. Aunque los bailes de tango de estilo Hall y Orillero se pueden realizar en la bodega abierta, generalmente se realizan en la bodega cerrada en Buenos Aires y otras partes de Argentina. Milonguero y [\u2026]","protected":false},"author":1,"featured_media":0,"parent":0,"menu_order":0,"comment_status":"closed","ping_status":"closed","template":"","meta":{"footnotes":""},"class_list":["post-505","page","type-page","status-publish","hentry"],"_links":{"self":[{"href":"https:\/\/tangopera.com\/es\/wp-json\/wp\/v2\/pages\/505","targetHints":{"allow":["GET"]}}],"collection":[{"href":"https:\/\/tangopera.com\/es\/wp-json\/wp\/v2\/pages"}],"about":[{"href":"https:\/\/tangopera.com\/es\/wp-json\/wp\/v2\/types\/page"}],"author":[{"embeddable":true,"href":"https:\/\/tangopera.com\/es\/wp-json\/wp\/v2\/users\/1"}],"replies":[{"embeddable":true,"href":"https:\/\/tangopera.com\/es\/wp-json\/wp\/v2\/comments?post=505"}],"version-history":[{"count":2,"href":"https:\/\/tangopera.com\/es\/wp-json\/wp\/v2\/pages\/505\/revisions"}],"predecessor-version":[{"id":508,"href":"https:\/\/tangopera.com\/es\/wp-json\/wp\/v2\/pages\/505\/revisions\/508"}],"wp:attachment":[{"href":"https:\/\/tangopera.com\/es\/wp-json\/wp\/v2\/media?parent=505"}],"curies":[{"name":"wp","href":"https:\/\/api.w.org\/{rel}","templated":true}]}}