{"id":500,"date":"2022-02-25T23:37:02","date_gmt":"2022-02-25T23:37:02","guid":{"rendered":"https:\/\/tangopera.com\/?page_id=500"},"modified":"2022-02-25T23:37:02","modified_gmt":"2022-02-25T23:37:02","slug":"tango-history-1","status":"publish","type":"page","link":"https:\/\/tangopera.com\/es\/tango-history-1\/","title":{"rendered":"Historia del tango 1"},"content":{"rendered":"<h1>Historia del tango<\/h1>\n<p>Historia del tango: En los \u00faltimos a\u00f1os del siglo XIX, Europa estaba devastada por las guerras, el hambre y la incertidumbre econ\u00f3mica. Con pocas esperanzas para el futuro y pocas esperanzas de una vida ordenada en su tierra natal, muchos j\u00f3venes emigraron a pa\u00edses sudamericanos para comenzar una nueva vida. Cientos de miles de ellos fueron a Buenos Aires, la capital de Argentina en el R\u00edo de la Plata.<\/p>\n<h2><span style=\"font-size: 75%;\">Historia del tango_ Se cree que la palabra \u201ctango\u201d es de origen africano<\/span><\/h2>\n<p>y tango significa \u201clugar de encuentro\u201d o \u201clugar privado\u201d. Sin embargo, esto no significa que el tango sea tambi\u00e9n de origen africano. La Habanera en Cuba, la Contradanza en Espa\u00f1a y el Candombe, una danza afroargentina, fueron fundamentales en el nacimiento del Tango; sin embargo, ninguno de estos bailes influenci\u00f3 tanto al Tango como la Milonga.<\/p>\n<h2><span style=\"font-size: 75%;\">Milonga significa \u201cfiesta\u201d o \u201cfiesta\u201d<\/span><\/h2>\n<p>y la m\u00fasica de milonga es animada, emocionante y animada. La informaci\u00f3n que tenemos es que Compadritos est\u00e1 relacionado con danzas de origen afroargentino y es posible que algunas figuras de estas danzas hayan sido adaptadas a la Milonga.<\/p>\n<h3><span style=\"font-size: 75%;\">Los nuevos argentinos descendientes de europeos compartieron un destino com\u00fan,<\/span><\/h3>\n<p>sin embargo, todav\u00eda estaban a menudo desesperados y desilusionados. Estos j\u00f3venes a menudo pasaban tiempo en academias y pregundies, caf\u00e9s destartalados donde se pod\u00edan contratar camareras para bailar. Los j\u00f3venes ten\u00edan que ser muy buenos bailarines para impresionar a las mujeres, por lo que la danza se volvi\u00f3 muy importante para ellos.<\/p>\n<h3><span style=\"font-size: 75%;\">Como no hab\u00eda academias de baile profesionales,<\/span><\/h3>\n<p>los hombres comenzaron a ense\u00f1arse Tango unos a otros, turn\u00e1ndose para dar los pasos masculinos y femeninos y practicando de esta manera antes de seducir a las mujeres en los caf\u00e9s. Como ya no estaban sujetos a las estrictas reglas de la danza europea, los hombres comenzaron a encontrar formas muy pr\u00e1cticas y, a menudo, completamente nuevas de dominar a las mujeres en su danza.<\/p>\n<p>&nbsp;<\/p>\n<figure id=\"attachment_465\" aria-describedby=\"caption-attachment-465\" style=\"width: 711px\" class=\"wp-caption alignnone\"><img loading=\"lazy\" decoding=\"async\" class=\"size-medium wp-image-465\" src=\"https:\/\/tangopera.com\/wp-content\/uploads\/2022\/02\/Arjantine-Tango-Bandoneon--711x400.png\" alt=\"Arjantine Tango - Bandoneon\" width=\"711\" height=\"400\" srcset=\"https:\/\/tangopera.com\/wp-content\/uploads\/2022\/02\/Arjantine-Tango-Bandoneon--711x400.png 711w, https:\/\/tangopera.com\/wp-content\/uploads\/2022\/02\/Arjantine-Tango-Bandoneon--1400x788.png 1400w, https:\/\/tangopera.com\/wp-content\/uploads\/2022\/02\/Arjantine-Tango-Bandoneon--768x432.png 768w, https:\/\/tangopera.com\/wp-content\/uploads\/2022\/02\/Arjantine-Tango-Bandoneon--1536x864.png 1536w, https:\/\/tangopera.com\/wp-content\/uploads\/2022\/02\/Arjantine-Tango-Bandoneon--18x10.png 18w, https:\/\/tangopera.com\/wp-content\/uploads\/2022\/02\/Arjantine-Tango-Bandoneon-.png 1920w\" sizes=\"auto, (max-width: 711px) 100vw, 711px\" \/><figcaption id=\"caption-attachment-465\" class=\"wp-caption-text\">Historia del Tango Arjantino \u2013 Inventor del Bandone\u00f3n<\/figcaption><\/figure>\n<p>&nbsp;<\/p>\n<p><a href=\"https:\/\/tangopera.com\/argentine-tango\/\">tango argentino<\/a>: clases de tango, seminario de tango, coreograf\u00eda de baile de tango, show de tango,\u00a0<a href=\"https:\/\/open.spotify.com\/playlist\/3pGghUi1crPXbfPRt2HFcR?si=5fe7b99f51624c00\" target=\"_blank\" rel=\"noopener\">musica de tangos<\/a>,\u00a0<a href=\"https:\/\/open.spotify.com\/playlist\/4tbPUCMoluET9rztNAbTiz?si=f63d0f9db0f242b8\" target=\"_blank\" rel=\"noopener\">DJ de tango<\/a>, todo sobre el tango.<\/p>\n<p>Kerem Elena Tango.\u00a0\u00a0<a href=\"https:\/\/tangopera.com\/\">tangopera.com<\/a><\/p>","protected":false},"excerpt":{"rendered":"<p>Tango History Tango history: In the final years of the 19th century, Europe was devastated by wars, famine and economic uncertainty. With little hope for the future and little hope for an orderly life in their homeland, many young men immigrated to South American countries to start a new life. Hundreds of thousands of them [&#8230;]","protected":false},"author":1,"featured_media":0,"parent":0,"menu_order":0,"comment_status":"closed","ping_status":"closed","template":"","meta":{"footnotes":""},"class_list":["post-500","page","type-page","status-publish","hentry"],"_links":{"self":[{"href":"https:\/\/tangopera.com\/es\/wp-json\/wp\/v2\/pages\/500","targetHints":{"allow":["GET"]}}],"collection":[{"href":"https:\/\/tangopera.com\/es\/wp-json\/wp\/v2\/pages"}],"about":[{"href":"https:\/\/tangopera.com\/es\/wp-json\/wp\/v2\/types\/page"}],"author":[{"embeddable":true,"href":"https:\/\/tangopera.com\/es\/wp-json\/wp\/v2\/users\/1"}],"replies":[{"embeddable":true,"href":"https:\/\/tangopera.com\/es\/wp-json\/wp\/v2\/comments?post=500"}],"version-history":[{"count":2,"href":"https:\/\/tangopera.com\/es\/wp-json\/wp\/v2\/pages\/500\/revisions"}],"predecessor-version":[{"id":502,"href":"https:\/\/tangopera.com\/es\/wp-json\/wp\/v2\/pages\/500\/revisions\/502"}],"wp:attachment":[{"href":"https:\/\/tangopera.com\/es\/wp-json\/wp\/v2\/media?parent=500"}],"curies":[{"name":"wp","href":"https:\/\/api.w.org\/{rel}","templated":true}]}}