{"id":490,"date":"2022-02-25T21:42:45","date_gmt":"2022-02-25T21:42:45","guid":{"rendered":"https:\/\/tangopera.com\/?page_id=490"},"modified":"2022-02-25T21:44:38","modified_gmt":"2022-02-25T21:44:38","slug":"7-tango-styles","status":"publish","type":"page","link":"https:\/\/tangopera.com\/es\/7-tango-styles\/","title":{"rendered":"7 estilos de tango"},"content":{"rendered":"<figure id=\"attachment_470\" aria-describedby=\"caption-attachment-470\" style=\"width: 509px\" class=\"wp-caption alignnone\"><img loading=\"lazy\" decoding=\"async\" class=\"size-medium wp-image-470\" src=\"https:\/\/tangopera.com\/wp-content\/uploads\/2022\/02\/Tango-Club-509x400.jpg\" alt=\"Tango Club, Tango Milonga, Tango Style\" width=\"509\" height=\"400\" srcset=\"https:\/\/tangopera.com\/wp-content\/uploads\/2022\/02\/Tango-Club-509x400.jpg 509w, https:\/\/tangopera.com\/wp-content\/uploads\/2022\/02\/Tango-Club-15x12.jpg 15w, https:\/\/tangopera.com\/wp-content\/uploads\/2022\/02\/Tango-Club.bmp 541w\" sizes=\"auto, (max-width: 509px) 100vw, 509px\" \/><figcaption id=\"caption-attachment-470\" class=\"wp-caption-text\">Club De Tango, Tango Milonga, Bailarines De Tango, Estilo De Tango<\/figcaption><\/figure>\n<h1 class=\"p1\">estilos de tango argentino<\/h1>\n<p class=\"p1\">El tango en Buenos Aires y otras partes de Argentina se realiza en muchos estilos individuales y personales, y muchos bailarines de tango no argentinos no admiten que su baile se enmarca en ning\u00fan estilo. Dicen que solo bailan Tango. Otros lo confunden a\u00fan m\u00e1s al decir que su baile pertenece a un estilo que otros llaman con otro nombre. Identificar las caracter\u00edsticas \u00fanicas de los diferentes estilos es una tarea dif\u00edcil, desafiante y posiblemente controvertida. Sin embargo, identificar los puntos en com\u00fan y las diferencias en el espectro de estilos individuales permite dividir el baile de Tango en varias categor\u00edas espec\u00edficas; Estos son: Sal\u00f3n, Orillero, Milonguero, Club, Nuevo, Fantas\u00eda y Canyengue.<span class=\"Apple-converted-space\">\u00a0<\/span><\/p>\n<h2 class=\"p1\">Estilo Tango Sal\u00f3n<\/h2>\n<p class=\"p1\">Tango El tango estilo sal\u00f3n se realiza t\u00edpicamente con una postura corporal erguida. El agarre puede ser abierto o cerrado, pero normalmente est\u00e1 ligeramente torcido (es decir, el centro de ambos bailarines est\u00e1 ligeramente a la derecha del centro de su pareja) y tiene forma de &#039;V&#039; (es decir, el hombro izquierdo de la mujer est\u00e1 m\u00e1s cerca del hombro derecho del hombre que del derecho). hombro est\u00e1 al hombro izquierdo del hombre).<\/p>\n<p class=\"p1\">Cuando el tango estilo Hall se realiza en la bodega abierta, la distancia entre los bailarines permite que la dama realice sus giros con mayor facilidad y requiere un movimiento menos independiente entre las caderas y la parte superior del cuerpo cuando gira. Cuando el Tango estilo sal\u00f3n se hace con el agarre cerrado, la pareja afloja un poco el agarre, dejando espacio para los giros y permitiendo que la dama se mueva m\u00e1s c\u00f3modamente en los giros. El tango estilo sal\u00f3n generalmente se interpreta en piezas como DiSarli, donde los tiempos son m\u00e1s fuertes y se tocan en un comp\u00e1s de 4\/4. En el Tango estilo Hall, los bailarines deben seguir la l\u00ednea de baile.<\/p>\n<h3 class=\"p1\">Tango estilo orillero<\/h3>\n<p class=\"p1\">Este estilo es m\u00e1s adecuado para salas peque\u00f1as, como en los caf\u00e9s y bares de Tango. En este tipo de Tango, el hombre y la mujer bailan en un espacio muy reducido, formando figuras muy complejas alrededor del otro. Este estilo es definitivamente m\u00e1s sincero.<\/p>\n<p class=\"p1\">El tango estilo orillero se origin\u00f3 en los suburbios de Buenos Aires, donde las pistas de baile eran m\u00e1s grandes. El tango estilo orillero es similar al tango estilo sal\u00f3n en muchos aspectos. En este estilo, tambi\u00e9n, la pareja tiene una postura erguida y el agarre puede ser ligeramente torcido y en &#039;V&#039;, abierto o cerrado. Por turnos, la mujer puede girar con facilidad y no necesita mucho movimiento independiente entre las caderas y la parte superior del cuerpo mientras gira. Cuando el tango al estilo orillero se hace con la empu\u00f1adura cerrada, dejan la empu\u00f1adura un poco floja para dar cabida a los giros dobles. La diferencia del tango estilo orillero del tango estilo sal\u00f3n es que tiene figuras alegres que no siempre siguen la regla de la l\u00ednea de baile y ocupan mucho espacio.<span class=\"Apple-converted-space\">\u00a0<\/span><\/p>\n<h2 class=\"p1\">Tango al estilo Milonguero<\/h2>\n<p class=\"p1\">En el tango estilo milonguero, la pareja baila en una posici\u00f3n de pecho unido con la parte superior del cuerpo ligeramente inclinada hacia adelante (los argentinos llaman a esto apilado) con cierta distancia entre los dedos de los pies. El agarre suele ser cerrado y la distancia del hombro izquierdo de la mujer al hombro derecho del hombre es la misma que la distancia del hombro derecho de la mujer al hombro izquierdo del hombre. El brazo izquierdo de la mujer cuelga del cuello del hombre. Algunos bailarines de este estilo dicen que la pareja debe inclinarse el uno hacia el otro, mientras que los que se oponen a esta opini\u00f3n dicen que ambos bailarines deben inclinarse solo lo suficiente para hacer contacto con el pecho, pero no espec\u00edficamente. La parte superior del cuerpo de ambos bailarines est\u00e1 en contacto constante y este contacto no se rompe durante los giros o los ochos; en caso contrario, la pareja s\u00f3lo puede hacer caminatas y ochos simples, a menos que la dama mueva las caderas con demasiada independencia de la parte superior del cuerpo y\/o no gire demasiado los pies en los giros. Ocho cortado es uno de los movimientos distintivos del tango estilo milonguero porque esta figura combina el agarre de la pareja con la sensibilidad r\u00edtmica propia de este estilo.<\/p>\n<h3 class=\"p1\">Estilo Club Tango<\/h3>\n<p class=\"p1\">El tango estilo club combina las sensibilidades del tango estilo sal\u00f3n y el tango estilo milonguero. El tango estilo club se ejecuta en una postura erguida y con un agarre cerrado en &#039;V&#039; ligeramente torcido. La pareja afloja un poco su agarre, lo que le permite a la dama realizar sus giros m\u00e1s f\u00e1cilmente y necesita menos movimiento independiente entre las caderas y la parte superior del cuerpo al girar. Las figuras del Tango estilo Club incluyen el ocho cortado y las figuras r\u00edtmicas del Tango estilo Milonguero.<\/p>\n<h2 class=\"p1\">Tango Nuevo (Estilo Nuevo Tango)<\/h2>\n<p class=\"p1\">Tango Nuevo es un enfoque pedag\u00f3gico que tiene como objetivo encontrar combinaciones y figuras in\u00e9ditas a trav\u00e9s de un an\u00e1lisis estructural de la danza Tango. Este estilo de tango se ejecuta en un agarre abierto, en una posici\u00f3n relajada y completamente erguida, y es muy importante que los bailarines mantengan su eje vertical. Si bien los fan\u00e1ticos del Tango Nuevo dicen que algunas figuras necesitan un nuevo an\u00e1lisis estructural, algunas de sus figuras m\u00e1s destacadas son los ochos volcados y los cambios de direcci\u00f3n durante los giros, que se pueden hacer m\u00e1s f\u00e1cilmente con un agarre suelto.<\/p>\n<h2 class=\"p1\">Fantas\u00eda (Mostrar Estilo Tango)<\/h2>\n<p class=\"p1\">Fantasia se representa en los espect\u00e1culos de Tango. Interpretado con agarre abierto, Sal\u00f3n es una combinaci\u00f3n de los estilos Orillero y Nuevo, y tambi\u00e9n incluye algunas figuras (a menudo extra\u00eddas del ballet) que no se encuentran en el repertorio del tango social. Estos elementos de ballet son una extensi\u00f3n natural del Tango estilo Sal\u00f3n, ya que este estilo es similar al ballet.<span class=\"Apple-converted-space\">\u00a0<\/span><\/p>\n<h3 class=\"p1\">Canyengue<\/h3>\n<p class=\"p1\">Canyengue es un tango de estilo antiguo interpretado en la d\u00e9cada de 1920 y principios de la de 1930, y no est\u00e1 claro si los bailarines que actualmente operan en este estilo se adhieren a las reglas originales. Se realiza en un agarre en forma de &#039;V&#039; cerrado y ligeramente torcido, con las rodillas dobladas de los bailarines mientras se mueven. La dama no cruza. Los vestidos largos y ce\u00f1idos se usaban cuando el canyengue era popular.<\/p>\n<p>&nbsp;<\/p>\n<figure id=\"attachment_462\" aria-describedby=\"caption-attachment-462\" style=\"width: 523px\" class=\"wp-caption alignleft\"><img loading=\"lazy\" decoding=\"async\" class=\"wp-image-462 size-full\" src=\"https:\/\/tangopera.com\/wp-content\/uploads\/2022\/02\/Tango-Styles-Tango-Stilleri-4.jpg\" alt=\"Tango Styles * Tango Stilleri\" width=\"523\" height=\"657\" srcset=\"https:\/\/tangopera.com\/wp-content\/uploads\/2022\/02\/Tango-Styles-Tango-Stilleri-4.jpg 523w, https:\/\/tangopera.com\/wp-content\/uploads\/2022\/02\/Tango-Styles-Tango-Stilleri-4-318x400.jpg 318w, https:\/\/tangopera.com\/wp-content\/uploads\/2022\/02\/Tango-Styles-Tango-Stilleri-4-10x12.jpg 10w\" sizes=\"auto, (max-width: 523px) 100vw, 523px\" \/><figcaption id=\"caption-attachment-462\" class=\"wp-caption-text\">Estilos de Tango * Tango Stilleri<\/figcaption><\/figure>\n<p>&nbsp;<\/p>\n<p>&nbsp;<\/p>\n<p>&nbsp;<\/p>\n<p>&nbsp;<\/p>\n<p>&nbsp;<\/p>\n<p>&nbsp;<\/p>\n<p>&nbsp;<\/p>\n<p>&nbsp;<\/p>\n<p>&nbsp;<\/p>\n<p>&nbsp;<\/p>\n<p>&nbsp;<\/p>\n<p>&nbsp;<\/p>\n<p>&nbsp;<\/p>\n<p>&nbsp;<\/p>\n<p>&nbsp;<\/p>\n<p>&nbsp;<\/p>\n<p>&nbsp;<\/p>\n<p>&nbsp;<\/p>\n<p>&nbsp;<\/p>\n<p>&nbsp;<\/p>\n<p><a href=\"https:\/\/tangopera.com\/argentine-tango\/\">tango argentino<\/a>: clases de tango, seminario de tango, coreograf\u00eda de baile de tango, show de tango,\u00a0<a href=\"https:\/\/open.spotify.com\/playlist\/3pGghUi1crPXbfPRt2HFcR?si=5fe7b99f51624c00\" target=\"_blank\" rel=\"noopener\">musica de tangos<\/a>,\u00a0<a href=\"https:\/\/open.spotify.com\/playlist\/4tbPUCMoluET9rztNAbTiz?si=f63d0f9db0f242b8\" target=\"_blank\" rel=\"noopener\">DJ de tango<\/a>, todo sobre el tango.<\/p>\n<p>Kerem Elena Tango.\u00a0\u00a0<a href=\"https:\/\/tangopera.com\/\">tangopera.com<\/a><\/p>","protected":false},"excerpt":{"rendered":"<p>Estilos de tango argentino El tango en Buenos Aires y otras partes de Argentina se realiza en muchos estilos individuales y personales, y muchos bailarines de tango no argentinos no admiten que su baile se enmarca en ning\u00fan estilo. Dicen que solo bailan Tango. Otros lo confunden a\u00fan m\u00e1s al decir que su baile pertenece a un estilo que [\u2026]","protected":false},"author":1,"featured_media":0,"parent":0,"menu_order":0,"comment_status":"closed","ping_status":"closed","template":"","meta":{"footnotes":""},"class_list":["post-490","page","type-page","status-publish","hentry"],"_links":{"self":[{"href":"https:\/\/tangopera.com\/es\/wp-json\/wp\/v2\/pages\/490","targetHints":{"allow":["GET"]}}],"collection":[{"href":"https:\/\/tangopera.com\/es\/wp-json\/wp\/v2\/pages"}],"about":[{"href":"https:\/\/tangopera.com\/es\/wp-json\/wp\/v2\/types\/page"}],"author":[{"embeddable":true,"href":"https:\/\/tangopera.com\/es\/wp-json\/wp\/v2\/users\/1"}],"replies":[{"embeddable":true,"href":"https:\/\/tangopera.com\/es\/wp-json\/wp\/v2\/comments?post=490"}],"version-history":[{"count":3,"href":"https:\/\/tangopera.com\/es\/wp-json\/wp\/v2\/pages\/490\/revisions"}],"predecessor-version":[{"id":493,"href":"https:\/\/tangopera.com\/es\/wp-json\/wp\/v2\/pages\/490\/revisions\/493"}],"wp:attachment":[{"href":"https:\/\/tangopera.com\/es\/wp-json\/wp\/v2\/media?parent=490"}],"curies":[{"name":"wp","href":"https:\/\/api.w.org\/{rel}","templated":true}]}}