{"id":487,"date":"2022-02-25T21:21:48","date_gmt":"2022-02-25T21:21:48","guid":{"rendered":"https:\/\/tangopera.com\/?page_id=487"},"modified":"2022-02-25T23:44:44","modified_gmt":"2022-02-25T23:44:44","slug":"tango-music","status":"publish","type":"page","link":"https:\/\/tangopera.com\/es\/tango-music\/","title":{"rendered":"M\u00fasica de tango 1"},"content":{"rendered":"<figure id=\"attachment_461\" aria-describedby=\"caption-attachment-461\" style=\"width: 520px\" class=\"wp-caption alignnone\"><img loading=\"lazy\" decoding=\"async\" class=\"size-full wp-image-461\" src=\"https:\/\/tangopera.com\/wp-content\/uploads\/2022\/02\/Tango-History-Tango-Tarihi-1.jpg\" alt=\"Tango History - Tango Tarihi 1\" width=\"520\" height=\"379\" srcset=\"https:\/\/tangopera.com\/wp-content\/uploads\/2022\/02\/Tango-History-Tango-Tarihi-1.jpg 520w, https:\/\/tangopera.com\/wp-content\/uploads\/2022\/02\/Tango-History-Tango-Tarihi-1-16x12.jpg 16w\" sizes=\"auto, (max-width: 520px) 100vw, 520px\" \/><figcaption id=\"caption-attachment-461\" class=\"wp-caption-text\">Historia de la m\u00fasica del tango<\/figcaption><\/figure>\n<h1 class=\"p1\">Musica Tango<\/h1>\n<h2 class=\"p1\"><span style=\"font-size: 75%;\">Los instrumentos de la m\u00fasica del tango.<\/span><\/h2>\n<p class=\"p1\">M\u00fasica de Tango: Los primeros instrumentos utilizados con el tango fueron la guitarra, la flauta y el viol\u00edn. Posteriormente, el bandone\u00f3n se convirti\u00f3 en el instrumento indispensable de esta danza. Se dice que el bandone\u00f3n es el esp\u00edritu del Tango; Tambi\u00e9n se dedican composiciones de tango a este \u201cinstrumento del diablo\u201d. El bandone\u00f3n es una especie de concertina y es muy dif\u00edcil de tocar. Todas las composiciones de Tango est\u00e1n escritas en bandone\u00f3n, excepto algunos Tangos que se ejecutan solos.<\/p>\n<h3 class=\"p1\"><span style=\"font-size: 75%;\">Para todos los maestros de la m\u00fasica del tango quiz\u00e1s la pieza m\u00e1s reconocible del mundo \u201cLa Cumparsita\u201d<\/span><\/h3>\n<p class=\"p1\"><span style=\"font-size: 14.4px;\">fue originalmente escrito en 1916 por Gerardo Matos como un himno y luego arreglado como una pieza de Tango. \u201cLa Cumparsita\u201d significa una peque\u00f1a comunidad callejera o un espect\u00e1culo en el carnaval. Otra famosa pieza de Tango es \u201cEl Choclo\u201d compuesta por Angelo Villoldo en 1905. Esta pieza es una de las canciones m\u00e1s aclamadas de todos los tiempos, y su nuevo arreglo \u201cKiss of Fire\u201d, lanzado en 1950, entr\u00f3 en las listas de \u00e9xitos estadounidenses.<\/span><\/p>\n<h3 class=\"p1\"><span style=\"font-size: 75%;\">M\u00fasica de tango, con el sonido profundo y fuerte del bandone\u00f3n,\u00a0<\/span><\/h3>\n<p class=\"p1\">adquiri\u00f3 un tono m\u00e1s intenso y sugerente ya veces incluso melanc\u00f3lico. En las melod\u00edas se escribieron palabras que describ\u00edan la vida de las personas.<\/p>\n<h3 class=\"p1\"><span style=\"font-size: 75%;\">Las ideas principales utilizadas por los cantautores de tango, <\/span><\/h3>\n<p class=\"p1\">estaban relacionados con las visiones fatalistas y, en su opini\u00f3n, con las pruebas por las que la vida pone a las personas. Carlos Gardel fue el m\u00e1s grande int\u00e9rprete de Tango de todos los tiempos. Gardel era un verdadero latino y muri\u00f3 en un tr\u00e1gico accidente a\u00e9reo en 1935. Su tumba, ubicada en el barrio de La Chacarita de Buenos Aires, es visitada regularmente por fan\u00e1ticos. Lo acompa\u00f1a la guitarra en muchas de las canciones de Gardel, reflejando el estilo de vida de los ex payadores. La primera pieza de tango interpretada por Gardel en 1917 fue \u201cMi noche triste\u201d. Esta pieza trataba sobre la tristeza de un amante que fue abandonado y se dio a beber.<\/p>\n<h4 class=\"p1\">Enrique Santos Discepolo, un conocido letrista y compositor de tango, dijo una vez:<\/h4>\n<p class=\"p1\">\u201cEl tango es un pensamiento triste contado a trav\u00e9s del baile.\u201d<\/p>\n<figure id=\"attachment_456\" aria-describedby=\"caption-attachment-456\" style=\"width: 633px\" class=\"wp-caption alignnone\"><img loading=\"lazy\" decoding=\"async\" class=\"size-medium wp-image-456\" src=\"https:\/\/tangopera.com\/wp-content\/uploads\/2022\/02\/Tango-Orquestras-Timeline-1-Tango-Tarihi-3-633x400.jpg\" alt=\"Tango Orquestras Timeline 1 - Tango Tarihi 3\" width=\"633\" height=\"400\" srcset=\"https:\/\/tangopera.com\/wp-content\/uploads\/2022\/02\/Tango-Orquestras-Timeline-1-Tango-Tarihi-3-633x400.jpg 633w, https:\/\/tangopera.com\/wp-content\/uploads\/2022\/02\/Tango-Orquestras-Timeline-1-Tango-Tarihi-3-1267x800.jpg 1267w, https:\/\/tangopera.com\/wp-content\/uploads\/2022\/02\/Tango-Orquestras-Timeline-1-Tango-Tarihi-3-768x485.jpg 768w, https:\/\/tangopera.com\/wp-content\/uploads\/2022\/02\/Tango-Orquestras-Timeline-1-Tango-Tarihi-3-1536x970.jpg 1536w, https:\/\/tangopera.com\/wp-content\/uploads\/2022\/02\/Tango-Orquestras-Timeline-1-Tango-Tarihi-3-2048x1293.jpg 2048w, https:\/\/tangopera.com\/wp-content\/uploads\/2022\/02\/Tango-Orquestras-Timeline-1-Tango-Tarihi-3-18x12.jpg 18w\" sizes=\"auto, (max-width: 633px) 100vw, 633px\" \/><figcaption id=\"caption-attachment-456\" class=\"wp-caption-text\">M\u00fasica de Tango \u2013 L\u00ednea de Tiempo de Tango Orquestas<\/figcaption><\/figure>\n<p>&nbsp;<\/p>\n<p><a href=\"https:\/\/tangopera.com\/argentine-tango\/\">tango argentino<\/a>: clases de tango, seminario de tango, coreograf\u00eda de baile de tango, show de tango, <a href=\"https:\/\/open.spotify.com\/playlist\/3pGghUi1crPXbfPRt2HFcR?si=5fe7b99f51624c00\" target=\"_blank\" rel=\"noopener\">musica de tangos<\/a>, <a href=\"https:\/\/open.spotify.com\/playlist\/4tbPUCMoluET9rztNAbTiz?si=f63d0f9db0f242b8\" target=\"_blank\" rel=\"noopener\">DJ de tango<\/a>, todo sobre el tango.<\/p>\n<p>Kerem Elena Tango.\u00a0\u00a0<a href=\"https:\/\/tangopera.com\/\">tangopera.com<\/a><\/p>","protected":false},"excerpt":{"rendered":"<p>M\u00fasica de tango Los instrumentos de la m\u00fasica de tango. M\u00fasica de Tango: Los primeros instrumentos utilizados con el tango fueron la guitarra, la flauta y el viol\u00edn. Posteriormente, el bandone\u00f3n se convirti\u00f3 en el instrumento indispensable de esta danza. Se dice que el bandone\u00f3n es el esp\u00edritu del Tango; Tambi\u00e9n se dedican composiciones de tango a este \u201cinstrumento del diablo\u201d. El bandone\u00f3n es una especie [\u2026]","protected":false},"author":1,"featured_media":0,"parent":0,"menu_order":0,"comment_status":"closed","ping_status":"closed","template":"","meta":{"footnotes":""},"class_list":["post-487","page","type-page","status-publish","hentry"],"_links":{"self":[{"href":"https:\/\/tangopera.com\/es\/wp-json\/wp\/v2\/pages\/487","targetHints":{"allow":["GET"]}}],"collection":[{"href":"https:\/\/tangopera.com\/es\/wp-json\/wp\/v2\/pages"}],"about":[{"href":"https:\/\/tangopera.com\/es\/wp-json\/wp\/v2\/types\/page"}],"author":[{"embeddable":true,"href":"https:\/\/tangopera.com\/es\/wp-json\/wp\/v2\/users\/1"}],"replies":[{"embeddable":true,"href":"https:\/\/tangopera.com\/es\/wp-json\/wp\/v2\/comments?post=487"}],"version-history":[{"count":4,"href":"https:\/\/tangopera.com\/es\/wp-json\/wp\/v2\/pages\/487\/revisions"}],"predecessor-version":[{"id":504,"href":"https:\/\/tangopera.com\/es\/wp-json\/wp\/v2\/pages\/487\/revisions\/504"}],"wp:attachment":[{"href":"https:\/\/tangopera.com\/es\/wp-json\/wp\/v2\/media?parent=487"}],"curies":[{"name":"wp","href":"https:\/\/api.w.org\/{rel}","templated":true}]}}