{"id":480,"date":"2022-02-25T20:34:08","date_gmt":"2022-02-25T20:34:08","guid":{"rendered":"https:\/\/tangopera.com\/?page_id=480"},"modified":"2022-02-26T18:14:55","modified_gmt":"2022-02-26T18:14:55","slug":"argentine-tango","status":"publish","type":"page","link":"https:\/\/tangopera.com\/es\/argentine-tango\/","title":{"rendered":"tango argentino 1"},"content":{"rendered":"<figure id=\"attachment_471\" aria-describedby=\"caption-attachment-471\" style=\"width: 529px\" class=\"wp-caption alignnone\"><img loading=\"lazy\" decoding=\"async\" class=\"size-medium wp-image-471\" src=\"https:\/\/tangopera.com\/wp-content\/uploads\/2022\/02\/Tango-dance-Bandoneon-529x400.jpg\" alt=\"Argentine Tango dance - Bandoneon\" width=\"529\" height=\"400\" srcset=\"https:\/\/tangopera.com\/wp-content\/uploads\/2022\/02\/Tango-dance-Bandoneon-529x400.jpg 529w, https:\/\/tangopera.com\/wp-content\/uploads\/2022\/02\/Tango-dance-Bandoneon-1058x800.jpg 1058w, https:\/\/tangopera.com\/wp-content\/uploads\/2022\/02\/Tango-dance-Bandoneon-768x581.jpg 768w, https:\/\/tangopera.com\/wp-content\/uploads\/2022\/02\/Tango-dance-Bandoneon-1536x1161.jpg 1536w, https:\/\/tangopera.com\/wp-content\/uploads\/2022\/02\/Tango-dance-Bandoneon-2048x1548.jpg 2048w, https:\/\/tangopera.com\/wp-content\/uploads\/2022\/02\/Tango-dance-Bandoneon-16x12.jpg 16w\" sizes=\"auto, (max-width: 529px) 100vw, 529px\" \/><figcaption id=\"caption-attachment-471\" class=\"wp-caption-text\">Baile de tango argentino &amp; El coraz\u00f3n de la m\u00fasica de tango Bandone\u00f3n.<\/figcaption><\/figure>\n<h1 class=\"p1\">tango argentino:<\/h1>\n<p class=\"p1\"><span style=\"font-size: 110%;\">El tango argentino es un g\u00e9nero musical y de danza social que naci\u00f3 en Buenos Aires en la segunda mitad del siglo XIX, como s\u00edntesis de diferentes g\u00e9neros musicales y danzarios.<\/span><\/p>\n<p class=\"p1\"><span style=\"font-size: 110%;\">Musicalmente se divide en Tango, Vals, Milonga, Tango Milonga, <a href=\"https:\/\/en.wikipedia.org\/wiki\/Neotango\" target=\"_blank\" rel=\"noopener\">Tangos Electronicos<\/a>.<\/span><\/p>\n<p class=\"p1\"><span style=\"font-size: 110%;\">Tango, Vals, Milonga, Nuevo Tango se ense\u00f1an con los elementos musicales de este baile en nuestro <a href=\"https:\/\/tangopera.com\/#:~:text=Dance%20Teacher%20Diploma-,OUR%20COURSES,-Regular%20Group%20Tango\">clases de tango argentino<\/a>.<\/span><\/p>\n<p class=\"p1\">*<a href=\"https:\/\/en.wikipedia.org\/wiki\/Social_dance\" target=\"_blank\" rel=\"noopener\">bailes sociales<\/a>, como hablar un idioma com\u00fan, son bailes donde las personas que conocen el mismo baile pueden bailar y bailar en armon\u00eda, aunque se vean por primera vez, en muchas partes del mundo.<\/p>\n<p>&nbsp;<\/p>\n<h2 class=\"p1\"><span style=\"font-size: 75%;\"><strong>\u00bfPor qu\u00e9 el Tango Argentino es imbatible? \u2665\u00a0<\/strong><\/span><\/h2>\n<h3><span style=\"font-size: 90%;\">Porque todo lo que buscas est\u00e1 en Tango Argentino.<\/span><\/h3>\n<p>Tango Argentino: Apasionado, conmovedor y provocador; Tango significa cosas diferentes para muchas personas. Hay muchos bailes para que una bailarina elija entre estilos europeos e internacionales, dependiendo de su estado de \u00e1nimo en ese momento: el romance del vals, el dinamismo del rock n&#039; roll o la atm\u00f3sfera carnavalesca de la samba. A pesar de su reputaci\u00f3n como un baile melanc\u00f3lico, el tango en realidad encarna todas estas emociones y m\u00e1s. Tango, nacido de su experiencia de vida en los barrios marginales de <a href=\"https:\/\/en.wikipedia.org\/wiki\/Buenos_Aires\" target=\"_blank\" rel=\"noopener\">Buenos Aires<\/a>, dej\u00f3 atr\u00e1s sus d\u00edas humildes y ascendi\u00f3 a los lugares de la alta sociedad de Par\u00eds, pero a los ojos de quienes dieron vida al Tango, los bares de los barrios marginales continuaron siendo su verdadero hogar. Y siempre ha conservado su car\u00e1cter distintivo.<\/p>\n<p>&nbsp;<\/p>\n<figure id=\"attachment_475\" aria-describedby=\"caption-attachment-475\" style=\"width: 602px\" class=\"wp-caption alignnone\"><img loading=\"lazy\" decoding=\"async\" class=\"size-medium wp-image-475\" src=\"https:\/\/tangopera.com\/wp-content\/uploads\/2022\/02\/Tango-Show-Tangopera-1-602x400.jpg\" alt=\"Argentine Tango - Tango Dance Show \" width=\"602\" height=\"400\" srcset=\"https:\/\/tangopera.com\/wp-content\/uploads\/2022\/02\/Tango-Show-Tangopera-1-602x400.jpg 602w, https:\/\/tangopera.com\/wp-content\/uploads\/2022\/02\/Tango-Show-Tangopera-1-768x510.jpg 768w, https:\/\/tangopera.com\/wp-content\/uploads\/2022\/02\/Tango-Show-Tangopera-1-18x12.jpg 18w, https:\/\/tangopera.com\/wp-content\/uploads\/2022\/02\/Tango-Show-Tangopera-1.jpg 900w\" sizes=\"auto, (max-width: 602px) 100vw, 602px\" \/><figcaption id=\"caption-attachment-475\" class=\"wp-caption-text\">Tango argentino \/ Espect\u00e1culo de baile de tango en la noche de milonga.<\/figcaption><\/figure>\n<p>&nbsp;<\/p>\n<h1><span style=\"font-size: 75%;\">Noches de Baile de Tango Argentino \u2013 <a href=\"https:\/\/tr.wikipedia.org\/wiki\/Milonga\" target=\"_blank\" rel=\"noopener\">M\u0130LONGA<\/a><\/span><\/h1>\n<p>\u00bfQu\u00e9 es la milonga?<\/p>\n<p>Milonga es tanto el nombre que se le da a las noches de baile de tango argentino como una forma de tango r\u00e1pida y divertida.<\/p>\n<p>Cerca de 30 Milongas se organizan en Estambul en una semana. En Turqu\u00eda, este n\u00famero se acerca a 45.<\/p>\n<p>La pista de baile de la milonga tiene tr\u00e1fico, la gente baila en c\u00edrculos y la mitad de la pista queda vac\u00eda.<\/p>\n<p>Los hombres y las mujeres no memorizan ni ejecutan sus propias figuras, como se supone. Despu\u00e9s de cada paso, se dise\u00f1a un nuevo paso y las parejas producen sus propias combinaciones. Si ponemos el tango de espect\u00e1culo en un lugar aparte, en el tango social, nadie sabe el siguiente paso, porque todo es espont\u00e1neo.<\/p>\n<p>Casi todas las noches de tango y milongas est\u00e1n organizadas por escuelas de baile o instructores en Turqu\u00eda. Los tangueros no necesitan beber demasiado para no perder el equilibrio, por lo que las entradas a las milongas se ajustan en consecuencia y los precios son razonables.<\/p>\n<p>*Una cita del Peri\u00f3dico H\u00fcrriyet sobre nuestras noches de Tango\u2026<\/p>\n<p>&nbsp;<\/p>\n<h2><span style=\"font-size: 75%;\">Nuestras noches de tango \u2013 Milonga<\/span><\/h2>\n<p>Nuestras noches de tango como nombre es Milonga PERA.<\/p>\n<p>Tuvimos diferentes noches de milonga desde 2001 a\u00f1os. Nuestra principal y famosa noche de tango fue la Milonga Hayal en Estambul los \u00faltimos 15 a\u00f1os.<\/p>\n<p>Ahora estamos organizando la MILONGA PERA los viernes en Lviv \/ Ucrania.<\/p>\n<p>&nbsp;<\/p>\n<figure id=\"attachment_304\" aria-describedby=\"caption-attachment-304\" style=\"width: 291px\" class=\"wp-caption alignnone\"><img loading=\"lazy\" decoding=\"async\" class=\"wp-image-304\" src=\"https:\/\/tangopera.com\/wp-content\/uploads\/2022\/02\/Logo_White_And_Black_Red_Background-533x400.png\" alt=\"Kerem Elena Tango - red-logo\" width=\"291\" height=\"219\" srcset=\"https:\/\/tangopera.com\/wp-content\/uploads\/2022\/02\/Logo_White_And_Black_Red_Background-533x400.png 533w, https:\/\/tangopera.com\/wp-content\/uploads\/2022\/02\/Logo_White_And_Black_Red_Background-1067x800.png 1067w, https:\/\/tangopera.com\/wp-content\/uploads\/2022\/02\/Logo_White_And_Black_Red_Background-768x576.png 768w, https:\/\/tangopera.com\/wp-content\/uploads\/2022\/02\/Logo_White_And_Black_Red_Background-1536x1152.png 1536w, https:\/\/tangopera.com\/wp-content\/uploads\/2022\/02\/Logo_White_And_Black_Red_Background-510x383.png 510w, https:\/\/tangopera.com\/wp-content\/uploads\/2022\/02\/Logo_White_And_Black_Red_Background.png 2000w\" sizes=\"auto, (max-width: 291px) 100vw, 291px\" \/><figcaption id=\"caption-attachment-304\" class=\"wp-caption-text\">Kerem Elena Tango \u2013 Academia Arjantin Tango<\/figcaption><\/figure>\n<p>Tango argentino: clases de tango, seminario de tango, coreograf\u00eda de baile de tango, show de tango, m\u00fasica de tango, tango Dj&#039;ing, eventos de tango, todo sobre el tango.<\/p>\n<p>Kerem Elena Tango.\u00a0 <a href=\"https:\/\/tangopera.com\/\">tangopera.com<\/a><\/p>","protected":false},"excerpt":{"rendered":"<p>Tango Argentino: El Tango Argentino es un g\u00e9nero musical y de baile social que naci\u00f3 en Buenos Aires en la segunda mitad del siglo XIX, como una s\u00edntesis de diferentes g\u00e9neros musicales y de baile. Musicalmente se divide en Tango, Vals, Milonga, Tango Milonga, Tangos Electr\u00f3nicos. Tango, Vals, Milonga, Nuevo Tango se ense\u00f1an con [\u2026]","protected":false},"author":1,"featured_media":0,"parent":0,"menu_order":0,"comment_status":"closed","ping_status":"closed","template":"","meta":{"footnotes":""},"class_list":["post-480","page","type-page","status-publish","hentry"],"_links":{"self":[{"href":"https:\/\/tangopera.com\/es\/wp-json\/wp\/v2\/pages\/480","targetHints":{"allow":["GET"]}}],"collection":[{"href":"https:\/\/tangopera.com\/es\/wp-json\/wp\/v2\/pages"}],"about":[{"href":"https:\/\/tangopera.com\/es\/wp-json\/wp\/v2\/types\/page"}],"author":[{"embeddable":true,"href":"https:\/\/tangopera.com\/es\/wp-json\/wp\/v2\/users\/1"}],"replies":[{"embeddable":true,"href":"https:\/\/tangopera.com\/es\/wp-json\/wp\/v2\/comments?post=480"}],"version-history":[{"count":9,"href":"https:\/\/tangopera.com\/es\/wp-json\/wp\/v2\/pages\/480\/revisions"}],"predecessor-version":[{"id":529,"href":"https:\/\/tangopera.com\/es\/wp-json\/wp\/v2\/pages\/480\/revisions\/529"}],"wp:attachment":[{"href":"https:\/\/tangopera.com\/es\/wp-json\/wp\/v2\/media?parent=480"}],"curies":[{"name":"wp","href":"https:\/\/api.w.org\/{rel}","templated":true}]}}