{"id":505,"date":"2022-02-26T00:03:24","date_gmt":"2022-02-26T00:03:24","guid":{"rendered":"https:\/\/tangopera.com\/?page_id=505"},"modified":"2022-02-26T00:08:52","modified_gmt":"2022-02-26T00:08:52","slug":"tango-technique-1","status":"publish","type":"page","link":"https:\/\/tangopera.com\/de\/tango-technique-1\/","title":{"rendered":"Tangotechnik 1"},"content":{"rendered":"<h1><span style=\"font-size: 100%;\">Tango-Technik<\/span><\/h1>\n<h2 class=\"p1\"><span style=\"font-size: 75%;\">Offene und geschlossene Umarmungs-Tango-Technik\u00a0<\/span><\/h2>\n<p class=\"p1\">Alle Tangostile au\u00dfer Tango Nuevo und Fantasia k\u00f6nnen im geschlossenen Laderaum durchgef\u00fchrt werden. Obwohl Tango-T\u00e4nze im Hall- und Orillero-Stil im offenen Laderaum aufgef\u00fchrt werden k\u00f6nnen, werden sie in Buenos Aires und anderen Teilen Argentiniens normalerweise im geschlossenen Laderaum aufgef\u00fchrt. Tango-T\u00e4nze im Milonguero- und Club-Stil werden nur im geschlossenen Laderaum aufgef\u00fchrt. Der Tango im Milonguero-Stil wird normalerweise auch in einem geschlossenen Griff aufgef\u00fchrt, und der Abstand zwischen der linken Schulter der Frau und der rechten Schulter des Mannes ist derselbe wie zwischen der rechten Schulter der Frau und der linken Schulter des Mannes. Einige der im Abschnitt Tango Nuevo beschriebenen Figuren k\u00f6nnen in dem leicht trapezf\u00f6rmigen, V-f\u00f6rmigen geschlossenen Griff ausgef\u00fchrt werden, der im Tango im Salon-, Orillero- und Club-Stil verwendet wird.<\/p>\n<h1 class=\"p1\"><span style=\"font-size: 75%;\">Tango<\/span><span style=\"font-size: 75%;\"> Umarmung und Rahmen <\/span><span style=\"font-size: 75%;\">Tango-Technik<\/span><\/h1>\n<p class=\"p1\">Tango-Technik: Einigen zufolge besteht der Unterschied zwischen Milonguero und anderen Tango-Stilen darin, dass sich im Milonguero-Stil der Rahmen in der Dame befindet und in anderen Stilen der Rahmen auf den Armen beider T\u00e4nzer liegt. Ob sich der Rahmen in den Armen der Dame oder auf den Armen befindet, h\u00e4ngt ma\u00dfgeblich von der N\u00e4he und Weichheit des Griffs ab. In einem festen und distanzierten Griff befindet sich der Rahmen in den Armen. Wenn der Griff n\u00e4her und weicher wird, gleitet der Rahmen in jedem Tango-Stil in den K\u00f6rper der Frau.<\/p>\n<h3 class=\"p1\"><span style=\"font-size: 75%;\">Ric-Tic-Tic-Rhythmus \u2013 <\/span><span style=\"font-size: 75%;\">Tango-Rhythmus<\/span><\/h3>\n<p class=\"p2\"><span class=\"Apple-converted-space\">Tango-Technik: <\/span>Der Ric-Tic-Tic-Rhythmus ist eine M\u00f6glichkeit, herausragende rhythmische Elemente in der Tangomusik zu beschreiben, die von Juan D&#039;Arienzo, Rodolfo Biagi und vielen anderen aufgef\u00fchrt wird. Einige argumentieren, dass Musik mit Ric-Tic-Tick-Rhythmen im Takt von 2\/4 ist, w\u00e4hrend diejenigen, die nicht dieser Meinung sind, behaupten, dass sie im Takt von zwei gegen drei ist. Einige Orchester spielten Tangomusik im 2\/4-Ma\u00dfstab und f\u00fcgten den synkopierten Drei-gegen-Zwei-Rhythmus hinzu. Obwohl andere Orchester im 4\/4-Ma\u00dfstab spielen, f\u00fcgten sie ihrer Musik den Rhythmus von zwei gegen drei hinzu.<\/p>\n<p class=\"p2\"><span class=\"Apple-converted-space\">\u00a0<\/span>Die Schritte des Tangos sind manchmal langsam, langsam; schnell, schnell, langsam\u2026 Die Schritte k\u00f6nnen auch beschrieben werden als: langsam, langsam; schnell, schnell, schnell oder eins, zwei; eins zwei drei. Die Zwei-gegen-Drei-Sequenzen werden zweimal hintereinander ausgef\u00fchrt \u2013 was ungef\u00e4hr eins, zwei, drei ist; eins, zwei, drei oder schnell, schnell, schnell; Es kann als schnell, schnell, schnell definiert werden \u2013 es wird vollst\u00e4ndig rhythmisch sein und ist tats\u00e4chlich eine der h\u00e4ufigsten Tanzformen in der Musik.<\/p>\n<p>&nbsp;<\/p>\n<figure id=\"attachment_472\" aria-describedby=\"caption-attachment-472\" style=\"width: 800px\" class=\"wp-caption alignnone\"><img loading=\"lazy\" decoding=\"async\" class=\"size-medium wp-image-472\" src=\"https:\/\/tangopera.com\/wp-content\/uploads\/2022\/02\/Tango-dersi-kursu-Tango-Lesson-800x329.jpg\" alt=\"Tango dersi kursu - Tango Lesson\" width=\"800\" height=\"329\" srcset=\"https:\/\/tangopera.com\/wp-content\/uploads\/2022\/02\/Tango-dersi-kursu-Tango-Lesson-800x329.jpg 800w, https:\/\/tangopera.com\/wp-content\/uploads\/2022\/02\/Tango-dersi-kursu-Tango-Lesson-1400x576.jpg 1400w, https:\/\/tangopera.com\/wp-content\/uploads\/2022\/02\/Tango-dersi-kursu-Tango-Lesson-768x316.jpg 768w, https:\/\/tangopera.com\/wp-content\/uploads\/2022\/02\/Tango-dersi-kursu-Tango-Lesson-1536x632.jpg 1536w, https:\/\/tangopera.com\/wp-content\/uploads\/2022\/02\/Tango-dersi-kursu-Tango-Lesson-18x7.jpg 18w, https:\/\/tangopera.com\/wp-content\/uploads\/2022\/02\/Tango-dersi-kursu-Tango-Lesson.jpg 1600w\" sizes=\"auto, (max-width: 800px) 100vw, 800px\" \/><figcaption id=\"caption-attachment-472\" class=\"wp-caption-text\"><span style=\"font-size: 100%;\">Tango Stil \u2013 Tangotechnik \u2013 Tangostunde \u2013 Tangoshow<\/span><\/figcaption><\/figure>\n<p>&nbsp;<\/p>\n<p><a href=\"https:\/\/tangopera.com\/argentine-tango\/\">Argentinischer Tango<\/a>: Tangounterricht, Tangoseminar, Tangotanzchoreographie, Tangoshow,\u00a0<a href=\"https:\/\/open.spotify.com\/playlist\/3pGghUi1crPXbfPRt2HFcR?si=5fe7b99f51624c00\" target=\"_blank\" rel=\"noopener\">Tango-Musik<\/a>,\u00a0<a href=\"https:\/\/open.spotify.com\/playlist\/4tbPUCMoluET9rztNAbTiz?si=f63d0f9db0f242b8\" target=\"_blank\" rel=\"noopener\">Tango auflegen<\/a>, alles \u00fcber Tango.<\/p>\n<p>Kerem Elena Tango.\u00a0\u00a0<a href=\"https:\/\/tangopera.com\/\">tangopera.com<\/a><\/p>","protected":false},"excerpt":{"rendered":"<p>Tango Technique Open and Closed Embrace Tango Technique\u00a0 All Tango styles except Tango Nuevo and Fantasia can be done in the closed hold. Although Hall and Orillero style Tango dances can be performed in the open hold, it is typically performed in the closed hold in Buenos Aires and other parts of Argentina. Milonguero and [&#8230;]","protected":false},"author":1,"featured_media":0,"parent":0,"menu_order":0,"comment_status":"closed","ping_status":"closed","template":"","meta":{"footnotes":""},"class_list":["post-505","page","type-page","status-publish","hentry"],"_links":{"self":[{"href":"https:\/\/tangopera.com\/de\/wp-json\/wp\/v2\/pages\/505","targetHints":{"allow":["GET"]}}],"collection":[{"href":"https:\/\/tangopera.com\/de\/wp-json\/wp\/v2\/pages"}],"about":[{"href":"https:\/\/tangopera.com\/de\/wp-json\/wp\/v2\/types\/page"}],"author":[{"embeddable":true,"href":"https:\/\/tangopera.com\/de\/wp-json\/wp\/v2\/users\/1"}],"replies":[{"embeddable":true,"href":"https:\/\/tangopera.com\/de\/wp-json\/wp\/v2\/comments?post=505"}],"version-history":[{"count":2,"href":"https:\/\/tangopera.com\/de\/wp-json\/wp\/v2\/pages\/505\/revisions"}],"predecessor-version":[{"id":508,"href":"https:\/\/tangopera.com\/de\/wp-json\/wp\/v2\/pages\/505\/revisions\/508"}],"wp:attachment":[{"href":"https:\/\/tangopera.com\/de\/wp-json\/wp\/v2\/media?parent=505"}],"curies":[{"name":"wp","href":"https:\/\/api.w.org\/{rel}","templated":true}]}}