{"id":480,"date":"2022-02-25T20:34:08","date_gmt":"2022-02-25T20:34:08","guid":{"rendered":"https:\/\/tangopera.com\/?page_id=480"},"modified":"2022-02-26T18:14:55","modified_gmt":"2022-02-26T18:14:55","slug":"argentine-tango","status":"publish","type":"page","link":"https:\/\/tangopera.com\/de\/argentine-tango\/","title":{"rendered":"Argentinischer Tango 1"},"content":{"rendered":"<figure id=\"attachment_471\" aria-describedby=\"caption-attachment-471\" style=\"width: 529px\" class=\"wp-caption alignnone\"><img loading=\"lazy\" decoding=\"async\" class=\"size-medium wp-image-471\" src=\"https:\/\/tangopera.com\/wp-content\/uploads\/2022\/02\/Tango-dance-Bandoneon-529x400.jpg\" alt=\"Argentine Tango dance - Bandoneon\" width=\"529\" height=\"400\" srcset=\"https:\/\/tangopera.com\/wp-content\/uploads\/2022\/02\/Tango-dance-Bandoneon-529x400.jpg 529w, https:\/\/tangopera.com\/wp-content\/uploads\/2022\/02\/Tango-dance-Bandoneon-1058x800.jpg 1058w, https:\/\/tangopera.com\/wp-content\/uploads\/2022\/02\/Tango-dance-Bandoneon-768x581.jpg 768w, https:\/\/tangopera.com\/wp-content\/uploads\/2022\/02\/Tango-dance-Bandoneon-1536x1161.jpg 1536w, https:\/\/tangopera.com\/wp-content\/uploads\/2022\/02\/Tango-dance-Bandoneon-2048x1548.jpg 2048w, https:\/\/tangopera.com\/wp-content\/uploads\/2022\/02\/Tango-dance-Bandoneon-16x12.jpg 16w\" sizes=\"auto, (max-width: 529px) 100vw, 529px\" \/><figcaption id=\"caption-attachment-471\" class=\"wp-caption-text\">Argentinischer Tangotanz &amp; Das Herz der Tangomusik Bandoneon.<\/figcaption><\/figure>\n<h1 class=\"p1\">Argentinischer Tango:<\/h1>\n<p class=\"p1\"><span style=\"font-size: 110%;\">Der argentinische Tango ist ein soziales Tanz- und Musikgenre, das in der zweiten H\u00e4lfte des 19. Jahrhunderts in Buenos Aires als Synthese verschiedener Musik- und Tanzgenres entstand.<\/span><\/p>\n<p class=\"p1\"><span style=\"font-size: 110%;\">Musikalisch wird es unterteilt in Tango, Walzer, Milonga, Tango Milonga, <a href=\"https:\/\/en.wikipedia.org\/wiki\/Neotango\" target=\"_blank\" rel=\"noopener\">Elektronische Tangos<\/a>.<\/span><\/p>\n<p class=\"p1\"><span style=\"font-size: 110%;\">Tango, Walzer, Milonga, Nuevo Tango werden bei uns mit den musikalischen Elementen dieses Tanzes unterrichtet <a href=\"https:\/\/tangopera.com\/#:~:text=Dance%20Teacher%20Diploma-,OUR%20COURSES,-Regular%20Group%20Tango\">Unterricht im argentinischen Tango<\/a>.<\/span><\/p>\n<p class=\"p1\">*<a href=\"https:\/\/en.wikipedia.org\/wiki\/Social_dance\" target=\"_blank\" rel=\"noopener\">Gesellschaftliche T\u00e4nze<\/a>, wie das Sprechen einer gemeinsamen Sprache, sind T\u00e4nze, bei denen Menschen, die denselben Tanz beherrschen, in vielen Teilen der Welt in Harmonie tanzen und tanzen k\u00f6nnen, selbst wenn sie sich zum ersten Mal sehen.<\/p>\n<p>&nbsp;<\/p>\n<h2 class=\"p1\"><span style=\"font-size: 75%;\"><strong>Warum ist der argentinische Tango unschlagbar? \u2665\u00a0<\/strong><\/span><\/h2>\n<h3><span style=\"font-size: 90%;\">Weil alles, was Sie suchen, im argentinischen Tango enthalten ist.<\/span><\/h3>\n<p>Argentinischer Tango: Leidenschaftlich, ber\u00fchrend und provokativ; Tango bedeutet f\u00fcr viele Menschen etwas anderes. Je nach Laune stehen einer T\u00e4nzerin viele T\u00e4nze aus europ\u00e4ischen und internationalen Stilrichtungen zur Auswahl \u2013 die Romantik des Walzers, die Dynamik des Rock n&#039; Roll oder die karnevalistische Atmosph\u00e4re des Samba. Trotz seines Rufs als melancholischer Tanz verk\u00f6rpert Tango all diese Emotionen und mehr. Tango, geboren aus seiner Lebenserfahrung in den Slums von <a href=\"https:\/\/en.wikipedia.org\/wiki\/Buenos_Aires\" target=\"_blank\" rel=\"noopener\">Buenos Aires<\/a>, lie\u00df seine bescheidenen Tage hinter sich und stieg in die High Society von Paris auf, aber in den Augen derer, die dem Tango Leben einhauchten, blieben die Slumbars weiterhin seine wahre Heimat. Und es hat sich immer seine Einzigartigkeit bewahrt.<\/p>\n<p>&nbsp;<\/p>\n<figure id=\"attachment_475\" aria-describedby=\"caption-attachment-475\" style=\"width: 602px\" class=\"wp-caption alignnone\"><img loading=\"lazy\" decoding=\"async\" class=\"size-medium wp-image-475\" src=\"https:\/\/tangopera.com\/wp-content\/uploads\/2022\/02\/Tango-Show-Tangopera-1-602x400.jpg\" alt=\"Argentine Tango - Tango Dance Show \" width=\"602\" height=\"400\" srcset=\"https:\/\/tangopera.com\/wp-content\/uploads\/2022\/02\/Tango-Show-Tangopera-1-602x400.jpg 602w, https:\/\/tangopera.com\/wp-content\/uploads\/2022\/02\/Tango-Show-Tangopera-1-768x510.jpg 768w, https:\/\/tangopera.com\/wp-content\/uploads\/2022\/02\/Tango-Show-Tangopera-1-18x12.jpg 18w, https:\/\/tangopera.com\/wp-content\/uploads\/2022\/02\/Tango-Show-Tangopera-1.jpg 900w\" sizes=\"auto, (max-width: 602px) 100vw, 602px\" \/><figcaption id=\"caption-attachment-475\" class=\"wp-caption-text\">Argentinischer Tango \/ Tango-Tanzshow bei der Milonga-Nacht.<\/figcaption><\/figure>\n<p>&nbsp;<\/p>\n<h1><span style=\"font-size: 75%;\">Argentinische Tango-Tanzn\u00e4chte \u2013 <a href=\"https:\/\/tr.wikipedia.org\/wiki\/Milonga\" target=\"_blank\" rel=\"noopener\">MILONGA<\/a><\/span><\/h1>\n<p>Was ist Milonga?<\/p>\n<p>Milonga ist sowohl der Name f\u00fcr argentinische Tango-Tanzn\u00e4chte als auch f\u00fcr eine schnelle und unterhaltsame Form des Tangos.<\/p>\n<p>Fast 30 Milongas werden in einer Woche in Istanbul organisiert. In der T\u00fcrkei n\u00e4hert sich diese Zahl 45.<\/p>\n<p>Auf der Milonga-Tanzfl\u00e4che herrscht Verkehr, die Menschen tanzen im Kreis und die Mitte der Fl\u00e4che bleibt leer.<\/p>\n<p>M\u00e4nner und Frauen lernen und f\u00fchren ihre eigenen Figuren nicht aus, wie angenommen wird. Nach jedem Schritt wird ein neuer Schritt entworfen und die Paare produzieren tats\u00e4chlich ihre eigenen Kombinationen. Wenn wir den Show-Tango an einen separaten Ort stellen, im sozialen Tango, kennt niemand den n\u00e4chsten Schritt, weil alles spontan ist.<\/p>\n<p>Fast alle Tangoabende und Milongas werden von Tanzschulen oder Tanzlehrern in der T\u00fcrkei organisiert. Tangospieler m\u00fcssen nicht zu viel trinken, um nicht das Gleichgewicht zu verlieren, daher sind die Eintrittspreise f\u00fcr die Milongas entsprechend angepasst und die Preise angemessen.<\/p>\n<p>*Ein Zitat aus der Zeitung H\u00fcrriyet \u00fcber unsere Tangoabende\u2026<\/p>\n<p>&nbsp;<\/p>\n<h2><span style=\"font-size: 75%;\">Unsere Tangoabende \u2013 Milonga<\/span><\/h2>\n<p>Unsere Tangoabende hei\u00dfen Milonga PERA.<\/p>\n<p>Wir hatten seit 2001 Jahren verschiedene Milonga-N\u00e4chte. Unsere wichtigste und ber\u00fchmte Tangonacht war in den letzten 15 Jahren Milonga Hayal in Istanbul.<\/p>\n<p>Jetzt veranstalten wir freitags die MILONGA PERA in Lemberg \/ Ukraine.<\/p>\n<p>&nbsp;<\/p>\n<figure id=\"attachment_304\" aria-describedby=\"caption-attachment-304\" style=\"width: 291px\" class=\"wp-caption alignnone\"><img loading=\"lazy\" decoding=\"async\" class=\"wp-image-304\" src=\"https:\/\/tangopera.com\/wp-content\/uploads\/2022\/02\/Logo_White_And_Black_Red_Background-533x400.png\" alt=\"Kerem Elena Tango - red-logo\" width=\"291\" height=\"219\" srcset=\"https:\/\/tangopera.com\/wp-content\/uploads\/2022\/02\/Logo_White_And_Black_Red_Background-533x400.png 533w, https:\/\/tangopera.com\/wp-content\/uploads\/2022\/02\/Logo_White_And_Black_Red_Background-1067x800.png 1067w, https:\/\/tangopera.com\/wp-content\/uploads\/2022\/02\/Logo_White_And_Black_Red_Background-768x576.png 768w, https:\/\/tangopera.com\/wp-content\/uploads\/2022\/02\/Logo_White_And_Black_Red_Background-1536x1152.png 1536w, https:\/\/tangopera.com\/wp-content\/uploads\/2022\/02\/Logo_White_And_Black_Red_Background-510x383.png 510w, https:\/\/tangopera.com\/wp-content\/uploads\/2022\/02\/Logo_White_And_Black_Red_Background.png 2000w\" sizes=\"auto, (max-width: 291px) 100vw, 291px\" \/><figcaption id=\"caption-attachment-304\" class=\"wp-caption-text\">Kerem Elena Tango \u2013 Arjantin Tango Akademie<\/figcaption><\/figure>\n<p>Argentinischer Tango: Tangounterricht, Tangoseminar, Tangotanzchoreographie, Tangoshow, Tangomusik, Tango-Dj&#039;ing, Tangoevents alles rund um den Tango.<\/p>\n<p>Kerem Elena Tango.\u00a0 <a href=\"https:\/\/tangopera.com\/\">tangopera.com<\/a><\/p>","protected":false},"excerpt":{"rendered":"<p>Argentine Tango : Argentine Tango is a social dance and music genre that was born in Buenos Aires in the second half of the 19th century, as a synthesis of different music and dance genres. Musically, it is divided into Tango, Waltz, Milonga, Tango Milonga, Electronic Tangos. Tango, Waltz, Milonga, Nuevo Tango are taught with [&#8230;]","protected":false},"author":1,"featured_media":0,"parent":0,"menu_order":0,"comment_status":"closed","ping_status":"closed","template":"","meta":{"footnotes":""},"class_list":["post-480","page","type-page","status-publish","hentry"],"_links":{"self":[{"href":"https:\/\/tangopera.com\/de\/wp-json\/wp\/v2\/pages\/480","targetHints":{"allow":["GET"]}}],"collection":[{"href":"https:\/\/tangopera.com\/de\/wp-json\/wp\/v2\/pages"}],"about":[{"href":"https:\/\/tangopera.com\/de\/wp-json\/wp\/v2\/types\/page"}],"author":[{"embeddable":true,"href":"https:\/\/tangopera.com\/de\/wp-json\/wp\/v2\/users\/1"}],"replies":[{"embeddable":true,"href":"https:\/\/tangopera.com\/de\/wp-json\/wp\/v2\/comments?post=480"}],"version-history":[{"count":9,"href":"https:\/\/tangopera.com\/de\/wp-json\/wp\/v2\/pages\/480\/revisions"}],"predecessor-version":[{"id":529,"href":"https:\/\/tangopera.com\/de\/wp-json\/wp\/v2\/pages\/480\/revisions\/529"}],"wp:attachment":[{"href":"https:\/\/tangopera.com\/de\/wp-json\/wp\/v2\/media?parent=480"}],"curies":[{"name":"wp","href":"https:\/\/api.w.org\/{rel}","templated":true}]}}